{"id":300,"date":"2018-03-12T15:22:44","date_gmt":"2018-03-12T14:22:44","guid":{"rendered":"https:\/\/232.wp.myonoffice.com\/?page_id=300"},"modified":"2026-01-07T06:59:20","modified_gmt":"2026-01-07T05:59:20","slug":"startseite","status":"publish","type":"page","link":"https:\/\/lifestylehomes.ch\/it\/","title":{"rendered":"Startseite"},"content":{"rendered":"<div   class='avia-fullscreen-slider main_color   avia-builder-el-0  el_before_av_textblock  avia-builder-el-first  container_wrap fullsize'  ><div  class='avia-slideshow av-lp1a9ejn-bce60d203b5e2ef2cfaa229a3cd9780a avia-slideshow-no scaling av_fullscreen avia-fade-slider av-slideshow-ui av-control-default av-slideshow-manual av-loop-once av-loop-manual-endless av-default-height-applied   avia-slideshow-1' data-slideshow-options=\"{&quot;animation&quot;:&quot;fade&quot;,&quot;autoplay&quot;:false,&quot;loop_autoplay&quot;:&quot;once&quot;,&quot;interval&quot;:5,&quot;loop_manual&quot;:&quot;manual-endless&quot;,&quot;autoplay_stopper&quot;:false,&quot;noNavigation&quot;:false,&quot;bg_slider&quot;:true,&quot;keep_padding&quot;:false,&quot;hoverpause&quot;:false,&quot;show_slide_delay&quot;:0,&quot;slide_height&quot;:&quot;100&quot;,&quot;image_attachment&quot;:&quot;scroll&quot;}\"  itemprop=\"image\" itemscope=\"itemscope\" itemtype=\"https:\/\/schema.org\/ImageObject\" ><ul class='avia-slideshow-inner ' style='padding-bottom: 66.68%;'><li style='background-position:center center;' data-img-url='https:\/\/lifestylehomes.ch\/wp-content\/uploads\/2025\/06\/D3A0136.jpg' class='avia-slideshow-slide av-lp1a9ejn-bce60d203b5e2ef2cfaa229a3cd9780a__0  av-single-slide slide-1 slide-odd'><div data-rel='slideshow-1' class='avia-slide-wrap '   ><\/div><\/li><\/ul><\/div><\/div><div id='after_full_slider_1'  class='main_color av_default_container_wrap container_wrap fullsize'  ><div class='container av-section-cont-open' ><div class='template-page content  av-content-full alpha units'><div class='post-entry post-entry-type-page post-entry-300'><div class='entry-content-wrapper clearfix'>\r\n\r\n<section  class='av_textblock_section av-2rd2x8-dc114b555abe875e58edfd54e7d713e3 '   itemscope=\"itemscope\" itemtype=\"https:\/\/schema.org\/CreativeWork\" ><div class='avia_textblock'  itemprop=\"text\" ><div class=\"topsearchform-immobilien startseite\">\n<section class=\"advance-search text-center\">\n<form method=\"get\" action=\"\/it\/acquistare\" class=\"form-inline\">\n<div class=\"col-md-12 topsearchform\">\n\t\t\t\t\t<input type=\"hidden\" name=\"oo_formid\" value=\"topsearchform\"><br \/>\n\t\t\t\t\t<input type=\"hidden\" name=\"oo_formno\" value=\"2\"><\/p>\n<div class=\"col-md-3\">\n\t\t\t\t\t\t<input name=\"objektnr_extern\" class=\"form-control\"  placeholder=\"Numero della propriet\u00e0\" value=\"\" >\n\t\t\t\t\t<\/div>\n<div class=\"col-md-3\">\n\t\t\t\t\t\t<input name=\"ort\" class=\"form-control\"  placeholder=\"Citt\u00e0\" value=\"\" >  \t\t<\/p><\/div>\n<div class=\"col-md-3 form\">\n<p>\t\t\t\t<select class=\"selectpicker\" name=\"preis_bis\" class=\"form-control\" id=\"kaufen\"><option value=\"\">Prezzo di acquisto (da - a)<\/option><option value=\"100000\" >0 - 100.000 CHF<\/option><option value=\"250000\" >100.000 - 250.000 CHF<\/option><option value=\"500000\" >250.000 - 500.000 CHF<\/option><option value=\"750000\" >500.000 - 750.000 CHF<\/option><option value=\"1000000\" >750.000 - 1.000.000 CHF<\/option><option value=\"5000000\" >1.000.000 - 5.000.000 CHF<\/option><option value=\"10000000\" >5.000.000 - 10.000.000 CHF<\/option><option value=\"50000000\" >10.000.000 - 50.000.000 CHF<\/option><option value=\"10000000\" >50.000.000 - 100.000.000 CHF<\/option><option value=\"1000001\" > da 100.000.000 CHF<\/option><\/select>\n\t\t\t\t\t<\/div>\n<div class=\"col-md-3 form\">\n<div class=\"form-group\"><button class=\"button\" type=\"submit\">Cerca<\/button><\/p><\/div>\n<\/p><\/div>\n<\/p><\/div>\n<\/p><\/form>\n<\/section>\n<\/div>\n<\/div><\/section>\r\n\r\n<section  class='av_textblock_section av-2mu0jw-5f703e0e3bf42659b7612c02630c53a5 '   itemscope=\"itemscope\" itemtype=\"https:\/\/schema.org\/CreativeWork\" ><div class='avia_textblock'  itemprop=\"text\" ><div class=\"noobject container\">\n<div class=\"row\">\n<div class=\"col-xs-12\">La tua query di ricerca non ha trovato alcuna propriet\u00e0. <\/div>\n<\/p><\/div>\n<\/p><\/div>\n<div class=\"toplist\">\n<\/div>\n<\/div><\/section>\r\n\r\n<\/div><\/div><\/div><!-- close content main div --><\/div><\/div>\n<style type=\"text\/css\" data-created_by=\"avia_inline_auto\" id=\"style-css-av-2eoah8-5b705cc9e5ce4f4245bb4c4d76c822b9\">\n.avia-section.av-2eoah8-5b705cc9e5ce4f4245bb4c4d76c822b9{\nbackground-repeat:no-repeat;\nbackground-image:url(https:\/\/lifestylehomes.ch\/wp-content\/uploads\/2018\/09\/background.png);\nbackground-position:50% 50%;\nbackground-attachment:fixed;\n}\n<\/style>\n<div id='av_section_1'  class='avia-section av-2eoah8-5b705cc9e5ce4f4245bb4c4d76c822b9 main_color avia-section-no-padding avia-no-border-styling  avia-builder-el-3  el_after_av_textblock  avia-builder-el-last  avia-full-stretch avia-bg-style-fixed av-minimum-height av-minimum-height-100 av-height-100  container_wrap fullsize'  data-section-bg-repeat='stretch' data-av_minimum_height_pc='100' data-av_min_height_opt='100'><div class='container av-section-cont-open' ><div class='template-page content  av-content-full alpha units'><div class='post-entry post-entry-type-page post-entry-300'><div class='entry-content-wrapper clearfix'>\r\n\n<style type=\"text\/css\" data-created_by=\"avia_inline_auto\" id=\"style-css-av-269exg-0d7f8dbc752b2593629c7ac99478e63d\">\n.flex_column.av-269exg-0d7f8dbc752b2593629c7ac99478e63d{\nborder-radius:0px 0px 0px 0px;\npadding:0 0 0 0;\n}\n<\/style>\n<div  class='flex_column av-269exg-0d7f8dbc752b2593629c7ac99478e63d av_one_full  avia-builder-el-4  el_before_av_hr  avia-builder-el-first  first flex_column_div av-zero-column-padding  '     ><style type=\"text\/css\" data-created_by=\"avia_inline_auto\" id=\"style-css-av-214xq4-6805d0e28a50f6c4cf8680e18668cb1d\">\n#top .av-special-heading.av-214xq4-6805d0e28a50f6c4cf8680e18668cb1d{\npadding-bottom:10px;\n}\nbody .av-special-heading.av-214xq4-6805d0e28a50f6c4cf8680e18668cb1d .av-special-heading-tag .heading-char{\nfont-size:25px;\n}\n.av-special-heading.av-214xq4-6805d0e28a50f6c4cf8680e18668cb1d .av-subheading{\nfont-size:15px;\n}\n<\/style>\n<div  class='av-special-heading av-214xq4-6805d0e28a50f6c4cf8680e18668cb1d av-special-heading-h1 custom-color-heading blockquote modern-quote modern-centered  avia-builder-el-5  el_before_av_textblock  avia-builder-el-first '><h1 class='av-special-heading-tag'  itemprop=\"headline\"  >IMMOBILI ESCLUSIVI IN ITALIA E SVIZZERA<\/h1><div class=\"special-heading-border\"><div class=\"special-heading-inner-border\"><\/div><\/div><\/div>\n<section  class='av_textblock_section av-1vaae4-57efa99d24d313db53df87215077a21f '   itemscope=\"itemscope\" itemtype=\"https:\/\/schema.org\/CreativeWork\" ><div class='avia_textblock av_inherit_color'  itemprop=\"text\" ><p style=\"text-align: center;\">La Svizzera si distingue per la sua variet\u00e0, la cordialit\u00e0 e l\u2019incantevole natura. Situata nel cuore dell&#8217;Europa, con facile accesso verso Francia, Germania e Italia, la Svizzera ha un&#8217;identit\u00e0, una cultura e una bellezza uniche. Dalle Alpi innevate ai pascoli idilliaci, in qualsiasi luogo vi troviate non siete lontani da un paesaggio spettacolare, e disponete sempre di infrastrutture di prima classe. Inoltre, in tutta la Svizzera la domanda si \u00e8 spostata dalle aree urbane alle regioni periferiche. Sono sempre pi\u00f9 numerosi gli investitori svizzeri e stranieri che riconoscono questi vantaggi per s\u00e9 stessi e il mercato immobiliare in Svizzera \u00e8 pi\u00f9 che mai in movimento. Ora \u00e8 il momento favorevole per comprare o vendere un immobile!<\/p>\n<p style=\"text-align: center;\">Per questo \u00e8 necessario il giusto agente immobiliare che sta al vostro fianco come partner affidabile. Se acquistate una casa per la prima volta, o se siete un venditore esperto o un investitore: noi troviamo la casa dei vostri sogni e mettiamo in contatto acquirenti e venditori.<\/p>\n<\/div><\/section>\n\n<style type=\"text\/css\" data-created_by=\"avia_inline_auto\" id=\"style-css-av-1ruano-a1a7613574668528b4efd8c3912a81fb\">\n#top .hr.av-1ruano-a1a7613574668528b4efd8c3912a81fb{\nmargin-top:30px;\nmargin-bottom:30px;\n}\n.hr.av-1ruano-a1a7613574668528b4efd8c3912a81fb .hr-inner{\nwidth:1000;\n}\n<\/style>\n<div  class='hr av-1ruano-a1a7613574668528b4efd8c3912a81fb hr-custom  avia-builder-el-7  el_after_av_textblock  el_before_av_heading  hr-center hr-icon-no'><span class='hr-inner inner-border-av-border-fat'><span class=\"hr-inner-style\"><\/span><\/span><\/div>\n\n<style type=\"text\/css\" data-created_by=\"avia_inline_auto\" id=\"style-css-av-5q2fw-df0760628cfcdc3fffec178550241d02\">\n#top .av-special-heading.av-5q2fw-df0760628cfcdc3fffec178550241d02{\npadding-bottom:10px;\n}\nbody .av-special-heading.av-5q2fw-df0760628cfcdc3fffec178550241d02 .av-special-heading-tag .heading-char{\nfont-size:25px;\n}\n.av-special-heading.av-5q2fw-df0760628cfcdc3fffec178550241d02 .av-subheading{\nfont-size:15px;\n}\n<\/style>\n<div  class='av-special-heading av-5q2fw-df0760628cfcdc3fffec178550241d02 av-special-heading-h2 custom-color-heading blockquote modern-quote modern-centered  avia-builder-el-8  el_after_av_hr  el_before_av_textblock '><h2 class='av-special-heading-tag'  itemprop=\"headline\"  >VOLETE TROVARE LA NUOVA CASA DEI VOSTRI SOGNI?<\/h2><div class=\"special-heading-border\"><div class=\"special-heading-inner-border\"><\/div><\/div><\/div>\n<section  class='av_textblock_section av-1fizjw-ae4b2c8ef4c5611b4d5362600a34c8a9 '   itemscope=\"itemscope\" itemtype=\"https:\/\/schema.org\/CreativeWork\" ><div class='avia_textblock av_inherit_color'  itemprop=\"text\" ><p style=\"text-align: center;\">Che siate acquirenti svizzeri o stranieri: la Svizzera offre un&#8217;ampia gamma di immobili di stile e di alta qualit\u00e0: da una nobile seconda casa sul lago in Engadina, a una raffinata casa in legno sulle montagne di Klosters, fino a una prestigiosa villa a St. Moritz, troveremo per voi tutto ci\u00f2 che il vostro cuore immobiliare desidera. Gli oggetti di qualit\u00e0 sono il nostro punto di forza e i vostri bisogni la nostra passione. Comunicateci semplicemente il vostro budget, i criteri di arredamento desiderati, il tipo di propriet\u00e0 desiderata (appartamento, casa, villa) e la superficie di terreno che ambite. Vi forniremo tutte le informazioni e i consigli necessari per prendere una decisione. Siamo naturalmente disponibili sul posto, in modo che possiate avere un&#8217;impressione ben fondata della vostra potenziale nuova casa.<\/p>\n<\/div><\/section>\n\n<style type=\"text\/css\" data-created_by=\"avia_inline_auto\" id=\"style-css-av-1at4l0-26f74a1043f8d27c05c917f3e91c8773\">\n#top .hr.av-1at4l0-26f74a1043f8d27c05c917f3e91c8773{\nmargin-top:30px;\nmargin-bottom:30px;\n}\n.hr.av-1at4l0-26f74a1043f8d27c05c917f3e91c8773 .hr-inner{\nwidth:1000;\n}\n<\/style>\n<div  class='hr av-1at4l0-26f74a1043f8d27c05c917f3e91c8773 hr-custom  avia-builder-el-10  el_after_av_textblock  el_before_av_heading  hr-center hr-icon-no'><span class='hr-inner inner-border-av-border-fat'><span class=\"hr-inner-style\"><\/span><\/span><\/div>\n\n<style type=\"text\/css\" data-created_by=\"avia_inline_auto\" id=\"style-css-av-11l3ng-cdcf5fe24bef7b816f18ed9b5cdbc0a3\">\n#top .av-special-heading.av-11l3ng-cdcf5fe24bef7b816f18ed9b5cdbc0a3{\npadding-bottom:10px;\n}\nbody .av-special-heading.av-11l3ng-cdcf5fe24bef7b816f18ed9b5cdbc0a3 .av-special-heading-tag .heading-char{\nfont-size:25px;\n}\n.av-special-heading.av-11l3ng-cdcf5fe24bef7b816f18ed9b5cdbc0a3 .av-subheading{\nfont-size:15px;\n}\n<\/style>\n<div  class='av-special-heading av-11l3ng-cdcf5fe24bef7b816f18ed9b5cdbc0a3 av-special-heading-h2 custom-color-heading blockquote modern-quote modern-centered  avia-builder-el-11  el_after_av_hr  el_before_av_textblock '><h2 class='av-special-heading-tag'  itemprop=\"headline\"  >TROVATE IL MIGLIOR ACQUIRENTE PER LA VOSTRA PROPRIET\u00c0<\/h2><div class=\"special-heading-border\"><div class=\"special-heading-inner-border\"><\/div><\/div><\/div>\n<section  class='av_textblock_section av-w9pzo-2d1c61bf43bb02c0c4b570d6c2498ed4 '   itemscope=\"itemscope\" itemtype=\"https:\/\/schema.org\/CreativeWork\" ><div class='avia_textblock av_inherit_color'  itemprop=\"text\" ><p style=\"text-align: center;\">Siamo il vostro collegamento tra voi, come venditore, e gli acquirenti interessati. La dimensione dell&#8217;oggetto non ha importanza per noi. Sia che si tratti di appartamenti, case di alta classe o residenze di campagna: con la nostra esperienza seguiamo per voi il mercato immobiliare che \u00e8 in continua evoluzione. Sappiamo quanto elevata \u00e8 la domanda per la vostra propriet\u00e0 e quali prezzi si possono ottenere. Come intermediari, ci prendiamo cura di ogni contatto con i potenziali acquirenti, in modo che possiate semplicemente mettervi comodi e lasciare il lavoro a noi.<\/p>\n<\/div><\/section>\n\n<style type=\"text\/css\" data-created_by=\"avia_inline_auto\" id=\"style-css-av-s4rc4-ae892ce5b95a9dc4d6f48240ffcc2fc4\">\n#top .hr.av-s4rc4-ae892ce5b95a9dc4d6f48240ffcc2fc4{\nmargin-top:30px;\nmargin-bottom:30px;\n}\n.hr.av-s4rc4-ae892ce5b95a9dc4d6f48240ffcc2fc4 .hr-inner{\nwidth:1000;\n}\n<\/style>\n<div  class='hr av-s4rc4-ae892ce5b95a9dc4d6f48240ffcc2fc4 hr-custom  avia-builder-el-13  el_after_av_textblock  el_before_av_heading  hr-center hr-icon-no'><span class='hr-inner inner-border-av-border-fat'><span class=\"hr-inner-style\"><\/span><\/span><\/div>\n\n<style type=\"text\/css\" data-created_by=\"avia_inline_auto\" id=\"style-css-av-j36no-c1233021070b26659c0b85398f083af2\">\n#top .av-special-heading.av-j36no-c1233021070b26659c0b85398f083af2{\npadding-bottom:10px;\n}\nbody .av-special-heading.av-j36no-c1233021070b26659c0b85398f083af2 .av-special-heading-tag .heading-char{\nfont-size:25px;\n}\n.av-special-heading.av-j36no-c1233021070b26659c0b85398f083af2 .av-subheading{\nfont-size:15px;\n}\n<\/style>\n<div  class='av-special-heading av-j36no-c1233021070b26659c0b85398f083af2 av-special-heading-h2 custom-color-heading blockquote modern-quote modern-centered  avia-builder-el-14  el_after_av_hr  el_before_av_textblock '><h2 class='av-special-heading-tag'  itemprop=\"headline\"  >SERVIZIO DI PRIMA CLASSE DA UN\u2019UNICA FONTE<\/h2><div class=\"special-heading-border\"><div class=\"special-heading-inner-border\"><\/div><\/div><\/div>\n<section  class='av_textblock_section av-fr6fw-a3dc78ba61d756808ef04a3cf6030ff4 '   itemscope=\"itemscope\" itemtype=\"https:\/\/schema.org\/CreativeWork\" ><div class='avia_textblock av_inherit_color'  itemprop=\"text\" ><p style=\"text-align: center;\">Offriamo tutti i servizi relativi all&#8217;acquisto o alla vendita della vostra propriet\u00e0 e all&#8217;organizzazione dei permessi necessari. In questo non siamo specializzati solo nei confronti dei nostri clienti svizzeri. Siamo anche felici di assistere acquirenti e venditori internazionali. La Svizzera dispone a volte di norme severe per l&#8217;acquisto di immobili da parte di stranieri, che possono limitare le vostre possibilit\u00e0. Affidatevi alla nostra pluriennale esperienza, alla nostra ottima reputazione e alla nostra conoscenza della regione per ottenere il meglio per voi. Con noi siete in buone mani. Avete un partner che conosce a fondo la regione della Svizzera orientale, capisce i vostri desideri e le vostre esigenze e fa delle vostre richieste la priorit\u00e0 assoluta.<\/p>\n<\/div><\/section><\/div>\n<style type=\"text\/css\" data-created_by=\"avia_inline_auto\" id=\"style-css-av-8cre4-a9fcf30209684c41dc627abc3b40859c\">\n#top .hr.hr-invisible.av-8cre4-a9fcf30209684c41dc627abc3b40859c{\nheight:50px;\n}\n<\/style>\n<div  class='hr av-8cre4-a9fcf30209684c41dc627abc3b40859c hr-invisible  avia-builder-el-16  el_after_av_one_full  avia-builder-el-last '><span class='hr-inner '><span class=\"hr-inner-style\"><\/span><\/span><\/div>\r\n","protected":false},"excerpt":{"rendered":"","protected":false},"author":5,"featured_media":0,"parent":0,"menu_order":0,"comment_status":"closed","ping_status":"closed","template":"","meta":{"_acf_changed":false,"footnotes":""},"class_list":["post-300","page","type-page","status-publish","hentry"],"acf":[],"yoast_head":"<!-- This site is optimized with the Yoast SEO plugin v27.3 - https:\/\/yoast.com\/product\/yoast-seo-wordpress\/ -->\n<title>Startseite - LifestyleHomes<\/title>\n<meta name=\"robots\" content=\"index, follow, max-snippet:-1, max-image-preview:large, max-video-preview:-1\" \/>\n<link rel=\"canonical\" href=\"https:\/\/lifestylehomes.ch\/it\/\" \/>\n<meta property=\"og:locale\" content=\"it_IT\" \/>\n<meta property=\"og:type\" content=\"article\" \/>\n<meta property=\"og:title\" content=\"Startseite - LifestyleHomes\" \/>\n<meta property=\"og:url\" content=\"https:\/\/lifestylehomes.ch\/it\/\" \/>\n<meta property=\"og:site_name\" content=\"LifestyleHomes\" \/>\n<meta property=\"article:publisher\" content=\"https:\/\/www.facebook.com\/lifestylehomesstmoritz\/\" \/>\n<meta property=\"article:modified_time\" content=\"2026-01-07T05:59:20+00:00\" \/>\n<meta property=\"og:image\" content=\"https:\/\/lifestylehomes.ch\/wp-content\/uploads\/2018\/11\/LifestyleLogo_web.png\" \/>\n\t<meta property=\"og:image:width\" content=\"400\" \/>\n\t<meta property=\"og:image:height\" content=\"88\" \/>\n\t<meta property=\"og:image:type\" content=\"image\/png\" \/>\n<meta name=\"twitter:card\" content=\"summary_large_image\" \/>\n<meta name=\"twitter:label1\" content=\"Tempo di lettura stimato\" \/>\n\t<meta name=\"twitter:data1\" content=\"3 minuti\" \/>\n<script type=\"application\/ld+json\" class=\"yoast-schema-graph\">{\"@context\":\"https:\\\/\\\/schema.org\",\"@graph\":[{\"@type\":\"WebPage\",\"@id\":\"https:\\\/\\\/lifestylehomes.ch\\\/it\\\/\",\"url\":\"https:\\\/\\\/lifestylehomes.ch\\\/it\\\/\",\"name\":\"Startseite - LifestyleHomes\",\"isPartOf\":{\"@id\":\"https:\\\/\\\/lifestylehomes.ch\\\/#website\"},\"datePublished\":\"2018-03-12T14:22:44+00:00\",\"dateModified\":\"2026-01-07T05:59:20+00:00\",\"breadcrumb\":{\"@id\":\"https:\\\/\\\/lifestylehomes.ch\\\/it\\\/#breadcrumb\"},\"inLanguage\":\"it-IT\",\"potentialAction\":[{\"@type\":\"ReadAction\",\"target\":[\"https:\\\/\\\/lifestylehomes.ch\\\/it\\\/\"]}]},{\"@type\":\"BreadcrumbList\",\"@id\":\"https:\\\/\\\/lifestylehomes.ch\\\/it\\\/#breadcrumb\",\"itemListElement\":[{\"@type\":\"ListItem\",\"position\":1,\"name\":\"Startseite\",\"item\":\"https:\\\/\\\/lifestylehomes.ch\\\/it\\\/\"},{\"@type\":\"ListItem\",\"position\":2,\"name\":\"Startseite\"}]},{\"@type\":\"WebSite\",\"@id\":\"https:\\\/\\\/lifestylehomes.ch\\\/#website\",\"url\":\"https:\\\/\\\/lifestylehomes.ch\\\/\",\"name\":\"LifestyleHomes\",\"description\":\"Immobilien in Graub\u00fcnden\",\"publisher\":{\"@id\":\"https:\\\/\\\/lifestylehomes.ch\\\/#organization\"},\"potentialAction\":[{\"@type\":\"SearchAction\",\"target\":{\"@type\":\"EntryPoint\",\"urlTemplate\":\"https:\\\/\\\/lifestylehomes.ch\\\/?s={search_term_string}\"},\"query-input\":{\"@type\":\"PropertyValueSpecification\",\"valueRequired\":true,\"valueName\":\"search_term_string\"}}],\"inLanguage\":\"it-IT\"},{\"@type\":\"Organization\",\"@id\":\"https:\\\/\\\/lifestylehomes.ch\\\/#organization\",\"name\":\"LifestyleHomes Annamarie Piacente AG\",\"url\":\"https:\\\/\\\/lifestylehomes.ch\\\/\",\"logo\":{\"@type\":\"ImageObject\",\"inLanguage\":\"it-IT\",\"@id\":\"https:\\\/\\\/lifestylehomes.ch\\\/#\\\/schema\\\/logo\\\/image\\\/\",\"url\":\"https:\\\/\\\/lifestylehomes.ch\\\/wp-content\\\/uploads\\\/2018\\\/11\\\/LifestyleLogo_web.png\",\"contentUrl\":\"https:\\\/\\\/lifestylehomes.ch\\\/wp-content\\\/uploads\\\/2018\\\/11\\\/LifestyleLogo_web.png\",\"width\":400,\"height\":88,\"caption\":\"LifestyleHomes Annamarie Piacente AG\"},\"image\":{\"@id\":\"https:\\\/\\\/lifestylehomes.ch\\\/#\\\/schema\\\/logo\\\/image\\\/\"},\"sameAs\":[\"https:\\\/\\\/www.facebook.com\\\/lifestylehomesstmoritz\\\/\",\"https:\\\/\\\/instagram.com\\\/lifestylehomespiacente\\\/\",\"https:\\\/\\\/www.youtube.com\\\/channel\\\/UCf--CP2oA5byJJshtClV60g\"]}]}<\/script>\n<!-- \/ Yoast SEO plugin. -->","yoast_head_json":{"title":"Startseite - LifestyleHomes","robots":{"index":"index","follow":"follow","max-snippet":"max-snippet:-1","max-image-preview":"max-image-preview:large","max-video-preview":"max-video-preview:-1"},"canonical":"https:\/\/lifestylehomes.ch\/it\/","og_locale":"it_IT","og_type":"article","og_title":"Startseite - LifestyleHomes","og_url":"https:\/\/lifestylehomes.ch\/it\/","og_site_name":"LifestyleHomes","article_publisher":"https:\/\/www.facebook.com\/lifestylehomesstmoritz\/","article_modified_time":"2026-01-07T05:59:20+00:00","og_image":[{"width":400,"height":88,"url":"https:\/\/lifestylehomes.ch\/wp-content\/uploads\/2018\/11\/LifestyleLogo_web.png","type":"image\/png"}],"twitter_card":"summary_large_image","twitter_misc":{"Tempo di lettura stimato":"3 minuti"},"schema":{"@context":"https:\/\/schema.org","@graph":[{"@type":"WebPage","@id":"https:\/\/lifestylehomes.ch\/it\/","url":"https:\/\/lifestylehomes.ch\/it\/","name":"Startseite - LifestyleHomes","isPartOf":{"@id":"https:\/\/lifestylehomes.ch\/#website"},"datePublished":"2018-03-12T14:22:44+00:00","dateModified":"2026-01-07T05:59:20+00:00","breadcrumb":{"@id":"https:\/\/lifestylehomes.ch\/it\/#breadcrumb"},"inLanguage":"it-IT","potentialAction":[{"@type":"ReadAction","target":["https:\/\/lifestylehomes.ch\/it\/"]}]},{"@type":"BreadcrumbList","@id":"https:\/\/lifestylehomes.ch\/it\/#breadcrumb","itemListElement":[{"@type":"ListItem","position":1,"name":"Startseite","item":"https:\/\/lifestylehomes.ch\/it\/"},{"@type":"ListItem","position":2,"name":"Startseite"}]},{"@type":"WebSite","@id":"https:\/\/lifestylehomes.ch\/#website","url":"https:\/\/lifestylehomes.ch\/","name":"LifestyleHomes","description":"Immobilien in Graub\u00fcnden","publisher":{"@id":"https:\/\/lifestylehomes.ch\/#organization"},"potentialAction":[{"@type":"SearchAction","target":{"@type":"EntryPoint","urlTemplate":"https:\/\/lifestylehomes.ch\/?s={search_term_string}"},"query-input":{"@type":"PropertyValueSpecification","valueRequired":true,"valueName":"search_term_string"}}],"inLanguage":"it-IT"},{"@type":"Organization","@id":"https:\/\/lifestylehomes.ch\/#organization","name":"LifestyleHomes Annamarie Piacente AG","url":"https:\/\/lifestylehomes.ch\/","logo":{"@type":"ImageObject","inLanguage":"it-IT","@id":"https:\/\/lifestylehomes.ch\/#\/schema\/logo\/image\/","url":"https:\/\/lifestylehomes.ch\/wp-content\/uploads\/2018\/11\/LifestyleLogo_web.png","contentUrl":"https:\/\/lifestylehomes.ch\/wp-content\/uploads\/2018\/11\/LifestyleLogo_web.png","width":400,"height":88,"caption":"LifestyleHomes Annamarie Piacente AG"},"image":{"@id":"https:\/\/lifestylehomes.ch\/#\/schema\/logo\/image\/"},"sameAs":["https:\/\/www.facebook.com\/lifestylehomesstmoritz\/","https:\/\/instagram.com\/lifestylehomespiacente\/","https:\/\/www.youtube.com\/channel\/UCf--CP2oA5byJJshtClV60g"]}]}},"_links":{"self":[{"href":"https:\/\/lifestylehomes.ch\/it\/wp-json\/wp\/v2\/pages\/300","targetHints":{"allow":["GET"]}}],"collection":[{"href":"https:\/\/lifestylehomes.ch\/it\/wp-json\/wp\/v2\/pages"}],"about":[{"href":"https:\/\/lifestylehomes.ch\/it\/wp-json\/wp\/v2\/types\/page"}],"author":[{"embeddable":true,"href":"https:\/\/lifestylehomes.ch\/it\/wp-json\/wp\/v2\/users\/5"}],"replies":[{"embeddable":true,"href":"https:\/\/lifestylehomes.ch\/it\/wp-json\/wp\/v2\/comments?post=300"}],"version-history":[{"count":65,"href":"https:\/\/lifestylehomes.ch\/it\/wp-json\/wp\/v2\/pages\/300\/revisions"}],"predecessor-version":[{"id":2767,"href":"https:\/\/lifestylehomes.ch\/it\/wp-json\/wp\/v2\/pages\/300\/revisions\/2767"}],"wp:attachment":[{"href":"https:\/\/lifestylehomes.ch\/it\/wp-json\/wp\/v2\/media?parent=300"}],"curies":[{"name":"wp","href":"https:\/\/api.w.org\/{rel}","templated":true}]}}