{"id":240,"date":"2018-03-12T14:45:33","date_gmt":"2018-03-12T13:45:33","guid":{"rendered":"https:\/\/232.wp.myonoffice.com\/?page_id=240"},"modified":"2019-01-28T13:07:56","modified_gmt":"2019-01-28T12:07:56","slug":"protezione-dei-dati","status":"publish","type":"page","link":"https:\/\/lifestylehomes.ch\/it\/protezione-dei-dati\/","title":{"rendered":"Protezione dei dati"},"content":{"rendered":"\n<style type=\"text\/css\" data-created_by=\"avia_inline_auto\" id=\"style-css-av-av_section-1c38e33f43364a50c256b2b7db193a1d\">\n.avia-section.av-av_section-1c38e33f43364a50c256b2b7db193a1d{\nbackground-repeat:no-repeat;\nbackground-image:url(https:\/\/lifestylehomes.ch\/wp-content\/uploads\/2018\/09\/background.png);\nbackground-position:50% 0%;\nbackground-attachment:fixed;\n}\n<\/style>\n<div id='av_section_1'  class='avia-section av-av_section-1c38e33f43364a50c256b2b7db193a1d main_color avia-section-large avia-no-border-styling  avia-builder-el-0  avia-builder-el-no-sibling  avia-full-stretch avia-bg-style-fixed container_wrap fullsize'  data-section-bg-repeat='stretch'><div class='container av-section-cont-open' ><main  role=\"main\" itemprop=\"mainContentOfPage\"  class='template-page content  av-content-full alpha units'><div class='post-entry post-entry-type-page post-entry-240'><div class='entry-content-wrapper clearfix'>\r\n\r\n\n<style type=\"text\/css\" data-created_by=\"avia_inline_auto\" id=\"style-css-av-av_hr-d50449065512dfb87382cb0128eaa335\">\n#top .hr.hr-invisible.av-av_hr-d50449065512dfb87382cb0128eaa335{\nheight:100px;\n}\n<\/style>\n<div  class='hr av-av_hr-d50449065512dfb87382cb0128eaa335 hr-invisible  avia-builder-el-1  el_before_av_one_full  avia-builder-el-first '><span class='hr-inner '><span class=\"hr-inner-style\"><\/span><\/span><\/div>\r\n\r\n\n<style type=\"text\/css\" data-created_by=\"avia_inline_auto\" id=\"style-css-av-av_one_full-d88ffeb016d0a4767fae3557276377d0\">\n.flex_column.av-av_one_full-d88ffeb016d0a4767fae3557276377d0{\nborder-radius:0px 0px 0px 0px;\npadding:30px 30px 30px 30px;\n}\n<\/style>\n<div  class='flex_column av-av_one_full-d88ffeb016d0a4767fae3557276377d0 av_one_full  avia-builder-el-2  el_after_av_hr  el_before_av_hr  first flex_column_div  '     ><style type=\"text\/css\" data-created_by=\"avia_inline_auto\" id=\"style-css-av-av_heading-749dc523856d090cbb41fd69f3848c43\">\n#top .av-special-heading.av-av_heading-749dc523856d090cbb41fd69f3848c43{\npadding-bottom:10px;\n}\nbody .av-special-heading.av-av_heading-749dc523856d090cbb41fd69f3848c43 .av-special-heading-tag .heading-char{\nfont-size:25px;\n}\n.av-special-heading.av-av_heading-749dc523856d090cbb41fd69f3848c43 .av-subheading{\nfont-size:15px;\n}\n\n@media only screen and (min-width: 768px) and (max-width: 989px){ \n#top #wrap_all .av-special-heading.av-av_heading-749dc523856d090cbb41fd69f3848c43 .av-special-heading-tag{\nfont-size:18px;\n}\n}\n\n@media only screen and (min-width: 480px) and (max-width: 767px){ \n#top #wrap_all .av-special-heading.av-av_heading-749dc523856d090cbb41fd69f3848c43 .av-special-heading-tag{\nfont-size:18px;\n}\n}\n\n@media only screen and (max-width: 479px){ \n#top #wrap_all .av-special-heading.av-av_heading-749dc523856d090cbb41fd69f3848c43 .av-special-heading-tag{\nfont-size:18px;\n}\n}\n<\/style>\n<div  class='av-special-heading av-av_heading-749dc523856d090cbb41fd69f3848c43 av-special-heading-h1 blockquote modern-quote  avia-builder-el-3  el_before_av_textblock  avia-builder-el-first '><h1 class='av-special-heading-tag'  itemprop=\"headline\"  >Protezione dei dati<\/h1><div class=\"special-heading-border\"><div class=\"special-heading-inner-border\"><\/div><\/div><\/div>\n<section  class='av_textblock_section av-av_textblock-2de302bf1aa3cf4c9157dbe6f50ac7eb '   itemscope=\"itemscope\" itemtype=\"https:\/\/schema.org\/CreativeWork\" ><div class='avia_textblock'  itemprop=\"text\" ><h3>Dichiarazione sulla protezione dei dati<\/h3>\n<p>I gestori di queste pagine prendono molto seriamente la protezione dei vostri dati personali, che vengono da noi trattati in modo confidenziale e in conformit\u00e0 con le disposizioni di legge sulla protezione dei dati e con la presente dichiarazione sulla protezione dei dati.<\/p>\n<p>L&#8217;utilizzo del nostro sito web \u00e8 generalmente possibile senza fornire dati personali. Nella misura in cui i dati personali (ad es. nome, indirizzo o indirizzo e-mail) sono raccolti sulle nostre pagine, ci\u00f2 avviene sempre su base volontaria, per quanto possibile. Questi dati non saranno trasmessi a terzi senza il vostro esplicito consenso.<\/p>\n<p>Vorremmo sottolineare che la trasmissione di dati su Internet (ad esempio la comunicazione via e-mail) pu\u00f2 essere soggetta a vulnerabilit\u00e0 di sicurezza. Non \u00e8 possibile proteggere in modo completo i dati dall\u2019accesso di terzi.<a name=\"TOC-Cookies\"><\/a><\/p>\n<h3>Cookie<\/h3>\n<p>I siti Internet utilizzano in parte i cosiddetti cookie, che non danneggiano i PC e non contengono virus, ma servono per rendere la nostra offerta pi\u00f9 efficiente, sicura e orientata all&#8217;utente. I cookie sono piccoli file di testo che vengono salvati sui vostri PC e conservati dal browser.<\/p>\n<p>La maggior parte dei cookie da noi utilizzati sono definiti &#8220;session-cookie&#8221;, che vengono cancellati in modo automatico al termine della visita del sito Web. Altri tipi di cookie, invece, restano memorizzati nel vostro terminale fino all\u2019eliminazione. Questi cookie ci consentono di riconoscere il vostro browser alla vostra visita successiva.<\/p>\n<p>Potete impostare il vostro browser in modo da essere informati sull&#8217;impostazione dei cookie e consentire i cookie solo in singoli casi, accettarli in determinati casi o in generale escluderli e attivare la cancellazione automatica dei cookie alla chiusura del browser. La disattivazione dei cookie pu\u00f2 limitare la funzionalit\u00e0 di questo sito web.<\/p>\n<h3>Modulo di contatto<\/h3>\n<p>In caso di invio da parte vostra di richieste d\u2019informazioni tramite il modulo di contatto, i dati da voi forniti sul modulo, compresi i dati di contatto,, saranno da noi memorizzati per l&#8217;elaborazione della richiesta e in caso di domande successive. Non inoltriamo a terzi questi dati senza il vostro consenso.<\/p>\n<h3>Google Analytics<\/h3>\n<p>Il nostro sito web utilizza Google Analytics, un servizio di analisi web offerto da Google Inc (&#8220;Google&#8221;). Google Analytics si avvale dei cosiddetti &#8220;cookie&#8221;, ovvero file di testo che vengono memorizzati sul computer per analizzare l&#8217;utilizzo del sito. Di norma, le informazioni generate tramite cookie in merito al vostro utilizzo del presente sito web (compreso il rispettivo indirizzo IP) vengono trasferite a un server di Google negli USA e ivi memorizzate. Google utilizzer\u00e0 tali informazioni per valutare il vostro utilizzo del sito, compilare report sulle attivit\u00e0 del sito destinati ai rispettivi operatori ed erogare altri servizi legati all&#8217;utilizzo del sito web e di Internet. Google si riserva il diritto di trasmettere a terzi tali informazioni nei casi prescritti dalla legge o qualora siano parti terze a eseguire il trattamento di tali dati per conto di Google. In nessun caso, Google assocer\u00e0 il vostro indirizzo IP ad altri dati di Google. Esiste la possibilit\u00e0 di impedire l&#8217;installazione dei cookie, impostando di conseguenza il proprio browser. Tuttavia, avvisiamo che in tal caso potrebbe non essere possibile utilizzare in maniera completa tutte le funzioni di questo sito web. Nel momento in cui utilizzate il presente sito accettate il trattamento dei vostri dati raccolti da Google nelle modalit\u00e0 descritte e al succitato scopo.<\/p>\n<h3>Facebook<\/h3>\n<p>Sul nostro sito web sono presenti programmi (plug-in) del social network Facebook, che sono gestiti esclusivamente da Facebook Inc., 1601 S. California Ave, Palo Alto, CA 94304, USA (Facebook). I plug-in sono identificati sul nostro sito web dal logo di Facebook o dalla frase &#8220;Mi piace&#8221;. Quando visitate un sito web della nostra presenza Internet che contiene un tale plug-in, il vostro browser stabilir\u00e0 una connessione diretta con i server di Facebook, che a loro volta trasmetteranno il contenuto del plug-in al vostro browser e lo integreranno nel sito web visualizzato. In questo modo sar\u00e0 inviata a Facebook l&#8217;informazione della vostra visita sul nostro sito web. Se siete connessi a Facebook con il vostro account utente personale durante la visita del nostro sito web, Facebook sar\u00e0 in grado di associare la vostra visita del sito al vostro account. Interagendo con i plug-in, ad esempio selezionando il pulsante &#8220;Mi piace&#8221; o inserendo un commento, tali informazioni vengono trasmesse dal vostro browser direttamente a Facebook e l\u00ec archiviate. Per impedire tale trasmissione di dati, \u00e8 necessario effettuare il logout dall&#8217;account di Facebook prima di visitare il nostro sito web. Per conoscere scopo e volume della raccolta di dati nonch\u00e9 ulteriore elaborazione e utilizzo dei dati da parte di Facebook e i vostri diritti o le possibilit\u00e0 di impostazione a tutela della vostra sfera privata, consultate le informazioni sulla privacy di Facebook.<\/p>\n<h3><\/h3>\n<h3>Instagram<\/h3>\n<p>Sul nostro sito web sono contenuti i cosiddetti social plug-in di Instagram, gestiti da Instagram LLC., 1601 Willow Road, Menlo Park, CA 94025, USA (&#8220;Instagram&#8221;). I plug-in sono caratterizzati dal logo Instagram sotto forma, ad esempio, di una &#8220;fotocamera Instagram&#8221;. Una panoramica sui plug-in di Instagram e sul loro aspetto \u00e8 disponibile qui: <a href=\"http:\/\/blog.instagram.com\/post\/36222022872\/introducing-instagram-badges\">http:\/\/blog.instagram.com\/post\/36222022872\/introducing-instagram-badges<\/a>.<\/p>\n<p>Quando richiamate una pagina del nostro sito web contenente un simile plug-in, il vostro browser stabilisce un collegamento diretto con i server di Instagram. Il contenuto del plug-in viene trasmesso da Instagram direttamente al vostro browser e integrato nel sito web. Questa integrazione consente a Instagram di sapere che avete richiamato la relativa pagina del sito web anche se non avete un profilo su Instagram o se al momento non siete collegati a Instagram. Tali informazioni (compreso il vostro indirizzo IP) vengono trasmesse dal vostro browser direttamente a Instagram e l\u00ec archiviate.<\/p>\n<p>Se siete collegati a Instagram, la visita al sito pu\u00f2 essere direttamente associata al vostro account di Instagram. Se interagite con i plug-in, ad esempio selezionando il pulsante &#8220;Instagram&#8221;, tale informazione viene trasmessa dal vostro browser direttamente a Instagram e l\u00ec archiviata. Le informazioni vengono inoltre pubblicate sul vostro account di Instagram, dove risultano visibili ai vostri contatti.<\/p>\n<p>Per conoscere scopo e volume della raccolta di dati nonch\u00e9 ulteriore elaborazione e utilizzo dei dati da parte di Instagram e i vostri diritti o le possibilit\u00e0 di impostazione per tutelare la vostra sfera privata, consultate le informazioni sulla privacy di Instagram: <a href=\"https:\/\/help.instagram.com\/155833707900388\/\">https:\/\/help.instagram.com\/155833707900388\/<\/a>.<\/p>\n<p>Se non desiderate che Instagram assegni al vostro account Instagram i dati raccolti tramite il nostro sito web, dovrete effettuare il logout da Instagram prima di visitare il nostro sito. Potete anche impedire completamente il caricamento dei plug-in di Instagram con componenti aggiuntivi per il vostro browser, ad esempio con lo script blocker &#8220;NoScript&#8221; (<a href=\"http:\/\/noscript.net\/\">http:\/\/noscript.net\/<\/a>).<\/p>\n<h3>Social plug-in<\/h3>\n<p>I social plug-in sociali (ad es. di Facebook, Twitter, Google+) sono tendenzialmente contrassegnati con il logo del rispettivo fornitore e possono assumere la forma di un pulsante &#8220;Mi piace&#8221;. Con l&#8217;integrazione dei plug-in, il rispettivo fornitore riceve l&#8217;informazione della vostra visita sul nostro sito web. Non appena i plug-in vengono utilizzati attivamente (ad es. se si preme il pulsante &#8220;Mi piace&#8221;), le informazioni corrispondenti vengono inviate al rispettivo fornitore. Nelle impostazioni del browser \u00e8 possibile bloccare l&#8217;uso di cookie di terze parti.<\/p>\n<h3>Diritto a informazioni, cancellazione, blocco<\/h3>\n<p>Avete il diritto di ottenere in qualsiasi momento informazioni gratuite sui vostri dati personali memorizzati, sulla loro origine e il destinatario e sullo scopo del trattamento dei dati, nonch\u00e9 potete richiederne la rettifica, il blocco o la cancellazione. A tale scopo o in caso di ulteriori domande sul tema della protezione dei dati personali, potete contattarci in qualsiasi momento all&#8217;indirizzo indicato nel colophon.<\/p>\n<\/div><\/section><\/div>\n<style type=\"text\/css\" data-created_by=\"avia_inline_auto\" id=\"style-css-av-av_hr-d50449065512dfb87382cb0128eaa335\">\n#top .hr.hr-invisible.av-av_hr-d50449065512dfb87382cb0128eaa335{\nheight:100px;\n}\n<\/style>\n<div  class='hr av-av_hr-d50449065512dfb87382cb0128eaa335 hr-invisible  avia-builder-el-5  el_after_av_one_full  avia-builder-el-last '><span class='hr-inner '><span class=\"hr-inner-style\"><\/span><\/span><\/div>\r\n\r\n","protected":false},"excerpt":{"rendered":"","protected":false},"author":5,"featured_media":0,"parent":0,"menu_order":0,"comment_status":"closed","ping_status":"closed","template":"","meta":{"_acf_changed":false,"footnotes":""},"class_list":["post-240","page","type-page","status-publish","hentry"],"acf":[],"yoast_head":"<!-- This site is optimized with the Yoast SEO plugin v27.3 - https:\/\/yoast.com\/product\/yoast-seo-wordpress\/ -->\n<title>Protezione dei dati - LifestyleHomes<\/title>\n<meta name=\"robots\" content=\"index, follow, max-snippet:-1, max-image-preview:large, max-video-preview:-1\" \/>\n<link rel=\"canonical\" href=\"https:\/\/lifestylehomes.ch\/it\/protezione-dei-dati\/\" \/>\n<meta property=\"og:locale\" content=\"it_IT\" \/>\n<meta property=\"og:type\" content=\"article\" \/>\n<meta property=\"og:title\" content=\"Protezione dei dati - LifestyleHomes\" \/>\n<meta property=\"og:url\" content=\"https:\/\/lifestylehomes.ch\/it\/protezione-dei-dati\/\" \/>\n<meta property=\"og:site_name\" content=\"LifestyleHomes\" \/>\n<meta property=\"article:publisher\" content=\"https:\/\/www.facebook.com\/lifestylehomesstmoritz\/\" \/>\n<meta property=\"article:modified_time\" content=\"2019-01-28T12:07:56+00:00\" \/>\n<meta property=\"og:image\" content=\"https:\/\/lifestylehomes.ch\/wp-content\/uploads\/2018\/11\/LifestyleLogo_web.png\" \/>\n\t<meta property=\"og:image:width\" content=\"400\" \/>\n\t<meta property=\"og:image:height\" content=\"88\" \/>\n\t<meta property=\"og:image:type\" content=\"image\/png\" \/>\n<meta name=\"twitter:card\" content=\"summary_large_image\" \/>\n<meta name=\"twitter:label1\" content=\"Tempo di lettura stimato\" \/>\n\t<meta name=\"twitter:data1\" content=\"8 minuti\" \/>\n<script type=\"application\/ld+json\" class=\"yoast-schema-graph\">{\"@context\":\"https:\\\/\\\/schema.org\",\"@graph\":[{\"@type\":\"WebPage\",\"@id\":\"https:\\\/\\\/lifestylehomes.ch\\\/it\\\/protezione-dei-dati\\\/\",\"url\":\"https:\\\/\\\/lifestylehomes.ch\\\/it\\\/protezione-dei-dati\\\/\",\"name\":\"Protezione dei dati - LifestyleHomes\",\"isPartOf\":{\"@id\":\"https:\\\/\\\/lifestylehomes.ch\\\/#website\"},\"datePublished\":\"2018-03-12T13:45:33+00:00\",\"dateModified\":\"2019-01-28T12:07:56+00:00\",\"breadcrumb\":{\"@id\":\"https:\\\/\\\/lifestylehomes.ch\\\/it\\\/protezione-dei-dati\\\/#breadcrumb\"},\"inLanguage\":\"it-IT\",\"potentialAction\":[{\"@type\":\"ReadAction\",\"target\":[\"https:\\\/\\\/lifestylehomes.ch\\\/it\\\/protezione-dei-dati\\\/\"]}]},{\"@type\":\"BreadcrumbList\",\"@id\":\"https:\\\/\\\/lifestylehomes.ch\\\/it\\\/protezione-dei-dati\\\/#breadcrumb\",\"itemListElement\":[{\"@type\":\"ListItem\",\"position\":1,\"name\":\"Startseite\",\"item\":\"https:\\\/\\\/lifestylehomes.ch\\\/it\\\/\"},{\"@type\":\"ListItem\",\"position\":2,\"name\":\"Protezione dei dati\"}]},{\"@type\":\"WebSite\",\"@id\":\"https:\\\/\\\/lifestylehomes.ch\\\/#website\",\"url\":\"https:\\\/\\\/lifestylehomes.ch\\\/\",\"name\":\"LifestyleHomes\",\"description\":\"Immobilien in Graub\u00fcnden\",\"publisher\":{\"@id\":\"https:\\\/\\\/lifestylehomes.ch\\\/#organization\"},\"potentialAction\":[{\"@type\":\"SearchAction\",\"target\":{\"@type\":\"EntryPoint\",\"urlTemplate\":\"https:\\\/\\\/lifestylehomes.ch\\\/?s={search_term_string}\"},\"query-input\":{\"@type\":\"PropertyValueSpecification\",\"valueRequired\":true,\"valueName\":\"search_term_string\"}}],\"inLanguage\":\"it-IT\"},{\"@type\":\"Organization\",\"@id\":\"https:\\\/\\\/lifestylehomes.ch\\\/#organization\",\"name\":\"LifestyleHomes Annamarie Piacente AG\",\"url\":\"https:\\\/\\\/lifestylehomes.ch\\\/\",\"logo\":{\"@type\":\"ImageObject\",\"inLanguage\":\"it-IT\",\"@id\":\"https:\\\/\\\/lifestylehomes.ch\\\/#\\\/schema\\\/logo\\\/image\\\/\",\"url\":\"https:\\\/\\\/lifestylehomes.ch\\\/wp-content\\\/uploads\\\/2018\\\/11\\\/LifestyleLogo_web.png\",\"contentUrl\":\"https:\\\/\\\/lifestylehomes.ch\\\/wp-content\\\/uploads\\\/2018\\\/11\\\/LifestyleLogo_web.png\",\"width\":400,\"height\":88,\"caption\":\"LifestyleHomes Annamarie Piacente AG\"},\"image\":{\"@id\":\"https:\\\/\\\/lifestylehomes.ch\\\/#\\\/schema\\\/logo\\\/image\\\/\"},\"sameAs\":[\"https:\\\/\\\/www.facebook.com\\\/lifestylehomesstmoritz\\\/\",\"https:\\\/\\\/instagram.com\\\/lifestylehomespiacente\\\/\",\"https:\\\/\\\/www.youtube.com\\\/channel\\\/UCf--CP2oA5byJJshtClV60g\"]}]}<\/script>\n<!-- \/ Yoast SEO plugin. -->","yoast_head_json":{"title":"Protezione dei dati - LifestyleHomes","robots":{"index":"index","follow":"follow","max-snippet":"max-snippet:-1","max-image-preview":"max-image-preview:large","max-video-preview":"max-video-preview:-1"},"canonical":"https:\/\/lifestylehomes.ch\/it\/protezione-dei-dati\/","og_locale":"it_IT","og_type":"article","og_title":"Protezione dei dati - LifestyleHomes","og_url":"https:\/\/lifestylehomes.ch\/it\/protezione-dei-dati\/","og_site_name":"LifestyleHomes","article_publisher":"https:\/\/www.facebook.com\/lifestylehomesstmoritz\/","article_modified_time":"2019-01-28T12:07:56+00:00","og_image":[{"width":400,"height":88,"url":"https:\/\/lifestylehomes.ch\/wp-content\/uploads\/2018\/11\/LifestyleLogo_web.png","type":"image\/png"}],"twitter_card":"summary_large_image","twitter_misc":{"Tempo di lettura stimato":"8 minuti"},"schema":{"@context":"https:\/\/schema.org","@graph":[{"@type":"WebPage","@id":"https:\/\/lifestylehomes.ch\/it\/protezione-dei-dati\/","url":"https:\/\/lifestylehomes.ch\/it\/protezione-dei-dati\/","name":"Protezione dei dati - LifestyleHomes","isPartOf":{"@id":"https:\/\/lifestylehomes.ch\/#website"},"datePublished":"2018-03-12T13:45:33+00:00","dateModified":"2019-01-28T12:07:56+00:00","breadcrumb":{"@id":"https:\/\/lifestylehomes.ch\/it\/protezione-dei-dati\/#breadcrumb"},"inLanguage":"it-IT","potentialAction":[{"@type":"ReadAction","target":["https:\/\/lifestylehomes.ch\/it\/protezione-dei-dati\/"]}]},{"@type":"BreadcrumbList","@id":"https:\/\/lifestylehomes.ch\/it\/protezione-dei-dati\/#breadcrumb","itemListElement":[{"@type":"ListItem","position":1,"name":"Startseite","item":"https:\/\/lifestylehomes.ch\/it\/"},{"@type":"ListItem","position":2,"name":"Protezione dei dati"}]},{"@type":"WebSite","@id":"https:\/\/lifestylehomes.ch\/#website","url":"https:\/\/lifestylehomes.ch\/","name":"LifestyleHomes","description":"Immobilien in Graub\u00fcnden","publisher":{"@id":"https:\/\/lifestylehomes.ch\/#organization"},"potentialAction":[{"@type":"SearchAction","target":{"@type":"EntryPoint","urlTemplate":"https:\/\/lifestylehomes.ch\/?s={search_term_string}"},"query-input":{"@type":"PropertyValueSpecification","valueRequired":true,"valueName":"search_term_string"}}],"inLanguage":"it-IT"},{"@type":"Organization","@id":"https:\/\/lifestylehomes.ch\/#organization","name":"LifestyleHomes Annamarie Piacente AG","url":"https:\/\/lifestylehomes.ch\/","logo":{"@type":"ImageObject","inLanguage":"it-IT","@id":"https:\/\/lifestylehomes.ch\/#\/schema\/logo\/image\/","url":"https:\/\/lifestylehomes.ch\/wp-content\/uploads\/2018\/11\/LifestyleLogo_web.png","contentUrl":"https:\/\/lifestylehomes.ch\/wp-content\/uploads\/2018\/11\/LifestyleLogo_web.png","width":400,"height":88,"caption":"LifestyleHomes Annamarie Piacente AG"},"image":{"@id":"https:\/\/lifestylehomes.ch\/#\/schema\/logo\/image\/"},"sameAs":["https:\/\/www.facebook.com\/lifestylehomesstmoritz\/","https:\/\/instagram.com\/lifestylehomespiacente\/","https:\/\/www.youtube.com\/channel\/UCf--CP2oA5byJJshtClV60g"]}]}},"_links":{"self":[{"href":"https:\/\/lifestylehomes.ch\/it\/wp-json\/wp\/v2\/pages\/240","targetHints":{"allow":["GET"]}}],"collection":[{"href":"https:\/\/lifestylehomes.ch\/it\/wp-json\/wp\/v2\/pages"}],"about":[{"href":"https:\/\/lifestylehomes.ch\/it\/wp-json\/wp\/v2\/types\/page"}],"author":[{"embeddable":true,"href":"https:\/\/lifestylehomes.ch\/it\/wp-json\/wp\/v2\/users\/5"}],"replies":[{"embeddable":true,"href":"https:\/\/lifestylehomes.ch\/it\/wp-json\/wp\/v2\/comments?post=240"}],"version-history":[{"count":12,"href":"https:\/\/lifestylehomes.ch\/it\/wp-json\/wp\/v2\/pages\/240\/revisions"}],"predecessor-version":[{"id":1521,"href":"https:\/\/lifestylehomes.ch\/it\/wp-json\/wp\/v2\/pages\/240\/revisions\/1521"}],"wp:attachment":[{"href":"https:\/\/lifestylehomes.ch\/it\/wp-json\/wp\/v2\/media?parent=240"}],"curies":[{"name":"wp","href":"https:\/\/api.w.org\/{rel}","templated":true}]}}