{"id":234,"date":"2018-03-19T14:32:13","date_gmt":"2018-03-19T13:32:13","guid":{"rendered":"https:\/\/232.wp.myonoffice.com\/?page_id=234"},"modified":"2019-08-28T15:19:43","modified_gmt":"2019-08-28T13:19:43","slug":"engadin","status":"publish","type":"page","link":"https:\/\/lifestylehomes.ch\/it\/acquistare\/engadin\/","title":{"rendered":"Engadin"},"content":{"rendered":"\n<style type=\"text\/css\" data-created_by=\"avia_inline_auto\" id=\"style-css-av-av_section-7b4dc520ef842bfe8c7eaababd6e60ad\">\n.avia-section.av-av_section-7b4dc520ef842bfe8c7eaababd6e60ad{\nbackground-repeat:no-repeat;\nbackground-image:url(https:\/\/lifestylehomes.ch\/wp-content\/uploads\/2018\/09\/background.png);\nbackground-position:50% 0%;\nbackground-attachment:fixed;\n}\n<\/style>\n<div id='av_section_1'  class='avia-section av-av_section-7b4dc520ef842bfe8c7eaababd6e60ad main_color avia-section-default avia-no-border-styling  avia-builder-el-0  avia-builder-el-no-sibling  avia-full-stretch avia-bg-style-fixed container_wrap fullsize'  data-section-bg-repeat='stretch'><div class='container av-section-cont-open' ><main  role=\"main\" itemprop=\"mainContentOfPage\"  class='template-page content  av-content-full alpha units'><div class='post-entry post-entry-type-page post-entry-234'><div class='entry-content-wrapper clearfix'>\r\n\r\n\n<style type=\"text\/css\" data-created_by=\"avia_inline_auto\" id=\"style-css-av-av_hr-d50449065512dfb87382cb0128eaa335\">\n#top .hr.hr-invisible.av-av_hr-d50449065512dfb87382cb0128eaa335{\nheight:100px;\n}\n<\/style>\n<div  class='hr av-av_hr-d50449065512dfb87382cb0128eaa335 hr-invisible  avia-builder-el-1  el_before_av_one_full  avia-builder-el-first '><span class='hr-inner '><span class=\"hr-inner-style\"><\/span><\/span><\/div>\r\n\r\n\n<style type=\"text\/css\" data-created_by=\"avia_inline_auto\" id=\"style-css-av-av_one_full-67097052c4a07e2547ed841103dc515b\">\n.flex_column.av-av_one_full-67097052c4a07e2547ed841103dc515b{\nborder-radius:0px 0px 0px 0px;\npadding:30px 30px 30px 30px;\n}\n<\/style>\n<div  class='flex_column av-av_one_full-67097052c4a07e2547ed841103dc515b av_one_full  avia-builder-el-2  el_after_av_hr  avia-builder-el-last  first flex_column_div avia-full-stretch  '     ><style type=\"text\/css\" data-created_by=\"avia_inline_auto\" id=\"style-css-av-av_heading-b20758e2dc26b2e3184c1a1312c4a22f\">\n#top .av-special-heading.av-av_heading-b20758e2dc26b2e3184c1a1312c4a22f{\npadding-bottom:0;\n}\nbody .av-special-heading.av-av_heading-b20758e2dc26b2e3184c1a1312c4a22f .av-special-heading-tag .heading-char{\nfont-size:25px;\n}\n.av-special-heading.av-av_heading-b20758e2dc26b2e3184c1a1312c4a22f .av-subheading{\nfont-size:15px;\n}\n\n@media only screen and (min-width: 768px) and (max-width: 989px){ \n#top #wrap_all .av-special-heading.av-av_heading-b20758e2dc26b2e3184c1a1312c4a22f .av-special-heading-tag{\nfont-size:18px;\n}\n}\n\n@media only screen and (min-width: 480px) and (max-width: 767px){ \n#top #wrap_all .av-special-heading.av-av_heading-b20758e2dc26b2e3184c1a1312c4a22f .av-special-heading-tag{\nfont-size:18px;\n}\n}\n\n@media only screen and (max-width: 479px){ \n#top #wrap_all .av-special-heading.av-av_heading-b20758e2dc26b2e3184c1a1312c4a22f .av-special-heading-tag{\nfont-size:18px;\n}\n}\n<\/style>\n<div  class='av-special-heading av-av_heading-b20758e2dc26b2e3184c1a1312c4a22f av-special-heading-h1 blockquote modern-quote  avia-builder-el-3  el_before_av_textblock  avia-builder-el-first '><h1 class='av-special-heading-tag'  itemprop=\"headline\"  >ENGADINA<\/h1><div class=\"special-heading-border\"><div class=\"special-heading-inner-border\"><\/div><\/div><\/div>\n<section  class='av_textblock_section av-av_textblock-2de302bf1aa3cf4c9157dbe6f50ac7eb '   itemscope=\"itemscope\" itemtype=\"https:\/\/schema.org\/CreativeWork\" ><div class='avia_textblock'  itemprop=\"text\" ><div class=\"searchform-immobilien\">\n<section class=\"advance-search text-center\">\n<form method=\"get\" action=\"\/it\/acquistare\" class=\"form-inline\">\n<div class=\"col-md-12 searchform\">\n\t\t\t\t<input type=\"hidden\" name=\"oo_formid\" value=\"searchform\"><br \/>\n\t\t\t\t<input type=\"hidden\" name=\"oo_formno\" value=\"2\"><\/p>\n<div class=\"col-md-3\">\n\t\t\t\t\t<input name=\"objektnr_extern\" class=\"form-control\" placeholder=\"Numero della propriet\u00e0\" value=\"\" >\n\t\t\t\t<\/div>\n<div class=\"col-md-3\">\n\t\t\t\t\t<input name=\"ort\" class=\"form-control\"  placeholder=\"Citt\u00e0\" value=\"\" >\n\t\t\t\t<\/div>\n<div class=\"col-md-3 form\">\n<p>\t\t\t\t\t<select class=\"selectpicker\" name=\"preis_bis\" class=\"form-control\" id=\"kaufen\"><option value=\"\">Prezzo di acquisto (da - a)<\/option><option value=\"100000\" >0 - 100.000 CHF<\/option><option value=\"250000\" >100.000 - 250.000 CHF<\/option><option value=\"500000\" >250.000 - 500.000 CHF<\/option><option value=\"750000\" >500.000 - 750.000 CHF<\/option><option value=\"1000000\" >750.000 - 1.000.000 CHF<\/option><option value=\"5000000\" >1.000.000 - 5.000.000 CHF<\/option><option value=\"10000000\" >5.000.000 - 10.000.000 CHF<\/option><option value=\"50000000\" >10.000.000 - 50.000.000 CHF<\/option><option value=\"10000000\" >50.000.000 - 100.000.000 CHF<\/option><option value=\"1000001\" > da100.000.000 CHF<\/option><\/select>\n\t\t\t\t\t<\/div>\n<div class=\"col-md-3 form\">\n<div class=\"form-group\">\n\t\t\t\t\t\t\t<button class=\"button\" type=\"submit\">Cerca<\/button>\n\t\t\t\t\t\t<\/div>\n<\/p>\n<\/div>\n<\/div>\n<\/form>\n<\/section>\n<\/div>\n<\/div><\/section>\n<section  class='av_textblock_section av-av_textblock-2de302bf1aa3cf4c9157dbe6f50ac7eb '   itemscope=\"itemscope\" itemtype=\"https:\/\/schema.org\/CreativeWork\" ><div class='avia_textblock'  itemprop=\"text\" ><div class=\"detail\">\n<div class=\"noobject container\">\n<div class=\"row\">\n<div class=\"col-xs-12\">La tua query di ricerca non ha trovato alcuna propriet\u00e0. <\/div>\n<\/p>\n<\/div>\n<\/div>\n<div class=\"container countimmo\">  0 Offerte trovate<\/div>\n<\/div>\n<\/div>\n<\/div><\/section>\n\n<style type=\"text\/css\" data-created_by=\"avia_inline_auto\" id=\"style-css-av-av_heading-b1a4f0931b5eff4f45d5e5ecd2c210d5\">\n#top .av-special-heading.av-av_heading-b1a4f0931b5eff4f45d5e5ecd2c210d5{\npadding-bottom:10px;\nfont-size:25px;\n}\nbody .av-special-heading.av-av_heading-b1a4f0931b5eff4f45d5e5ecd2c210d5 .av-special-heading-tag .heading-char{\nfont-size:25px;\n}\n#top #wrap_all .av-special-heading.av-av_heading-b1a4f0931b5eff4f45d5e5ecd2c210d5 .av-special-heading-tag{\nfont-size:25px;\n}\n.av-special-heading.av-av_heading-b1a4f0931b5eff4f45d5e5ecd2c210d5 .av-subheading{\nfont-size:15px;\n}\n\n@media only screen and (min-width: 480px) and (max-width: 767px){ \n#top #wrap_all .av-special-heading.av-av_heading-b1a4f0931b5eff4f45d5e5ecd2c210d5 .av-special-heading-tag{\nfont-size:0.8em;\n}\n}\n\n@media only screen and (max-width: 479px){ \n#top #wrap_all .av-special-heading.av-av_heading-b1a4f0931b5eff4f45d5e5ecd2c210d5 .av-special-heading-tag{\nfont-size:0.8em;\n}\n}\n<\/style>\n<div  class='av-special-heading av-av_heading-b1a4f0931b5eff4f45d5e5ecd2c210d5 av-special-heading-h2 blockquote modern-quote  avia-builder-el-6  el_after_av_textblock  el_before_av_textblock  av-inherit-size'><h2 class='av-special-heading-tag'  itemprop=\"headline\"  >SPAZIO ABITATIVO DI LUSSO IN ENGADINA &#8211; VENDITA DA PARTE DI LIFESTYLEHOME<\/h2><div class=\"special-heading-border\"><div class=\"special-heading-inner-border\"><\/div><\/div><\/div>\n<section  class='av_textblock_section av-av_textblock-2de302bf1aa3cf4c9157dbe6f50ac7eb '   itemscope=\"itemscope\" itemtype=\"https:\/\/schema.org\/CreativeWork\" ><div class='avia_textblock'  itemprop=\"text\" ><p>Al centro del Cantone dei Grigioni si trova l&#8217;alta valle svizzera dell&#8217;Engadina, con alcune delle pi\u00f9 belle comunit\u00e0 residenziali del mondo. Pertanto, vi offriamo la mediazione di immobili residenziali di alta qualit\u00e0 in vendita a St. Moritz e dintorni. Il nostro team \u00e8 composto da due esperti agenti immobiliari, che conoscono a fondo tutta la regione. Abbiamo costantemente nel nostro portafoglio immobili residenziali attuali, che possiamo visitare con voi entro breve tempo. Raccontateci i vostri sogni e troveremo la casa giusta per voi, l&#8217;accogliente appartamento di propriet\u00e0 e il rustico contadino con arredi moderni. Nella mediazione di immobili residenziali attribuiamo grande importanza alla discrezione e ad un processo trasparente in tutte le fasi di vendita. Per questo motivo anche voi, quando cercate il vostro nuovo appartamento di lusso, avete sempre una visione sull\u2019ampia offerta di spazi abitativi di straordinaria bellezza in Engadina. Potete scegliere tra appartamenti e case situati nel centro di romantici paesi o in montagna. Tutti i nostri immobili residenziali vi delizieranno con una fantastica vista panoramica sull&#8217;alta valle. Godetevi la prima colazione con vista sulle cime innevate e ammirate il tramonto tra le cime delle montagne.<\/p>\n<\/div><\/section>\n<div  class='hr av-av_hr-0ff602b3e980a3377077ff3c1c834df6 hr-default  avia-builder-el-8  el_after_av_textblock  el_before_av_heading '><span class='hr-inner '><span class=\"hr-inner-style\"><\/span><\/span><\/div>\n\n<style type=\"text\/css\" data-created_by=\"avia_inline_auto\" id=\"style-css-av-av_heading-745181601ae39cc0d45273a6ac62079b\">\n#top .av-special-heading.av-av_heading-745181601ae39cc0d45273a6ac62079b{\npadding-bottom:10px;\nfont-size:25px;\n}\nbody .av-special-heading.av-av_heading-745181601ae39cc0d45273a6ac62079b .av-special-heading-tag .heading-char{\nfont-size:25px;\n}\n#top #wrap_all .av-special-heading.av-av_heading-745181601ae39cc0d45273a6ac62079b .av-special-heading-tag{\nfont-size:25px;\n}\n.av-special-heading.av-av_heading-745181601ae39cc0d45273a6ac62079b .av-subheading{\nfont-size:15px;\n}\n\n@media only screen and (min-width: 480px) and (max-width: 767px){ \n#top #wrap_all .av-special-heading.av-av_heading-745181601ae39cc0d45273a6ac62079b .av-special-heading-tag{\nfont-size:0.8em;\n}\n}\n\n@media only screen and (max-width: 479px){ \n#top #wrap_all .av-special-heading.av-av_heading-745181601ae39cc0d45273a6ac62079b .av-special-heading-tag{\nfont-size:0.8em;\n}\n}\n<\/style>\n<div  class='av-special-heading av-av_heading-745181601ae39cc0d45273a6ac62079b av-special-heading-h2 blockquote modern-quote  avia-builder-el-9  el_after_av_hr  el_before_av_textblock  av-inherit-size'><h2 class='av-special-heading-tag'  itemprop=\"headline\"  >CHALET, VILLE, LOFT E APPARTAMENTI<\/h2><div class=\"special-heading-border\"><div class=\"special-heading-inner-border\"><\/div><\/div><\/div>\n<section  class='av_textblock_section av-av_textblock-2de302bf1aa3cf4c9157dbe6f50ac7eb '   itemscope=\"itemscope\" itemtype=\"https:\/\/schema.org\/CreativeWork\" ><div class='avia_textblock'  itemprop=\"text\" ><p>Se siete alla ricerca di un oggetto abitativo perfettamente adatto a voi e alla vostra famiglia, allora siamo il referente professionale per voi nel Cantone dei Grigioni. Nella nostra agenzia immobiliare avete a vostra disposizione il know-how di due agenti immobiliari competenti, che conoscono tutte le belle localit\u00e0 residenziali della regione. Vivete l\u2019abitare in Svizzera in una nuova dimensione, perch\u00e9 in tutte le propriet\u00e0 che offriamo potrete sperimentare il massimo livello di comfort abitativo. Allo stesso tempo, nonostante le pi\u00f9 moderne tecnologie abitative, siete sempre a pochi passi dalle montagne svizzere. Nella vostra nuova casa con otto camere e un grande giardino e piscina, o nel vostro nuovo appartamento su pi\u00f9 piani con terrazza sul tetto, dimenticherete la frenesia del mondo moderno. In estate numerose opportunit\u00e0 di sport acquatici vi aspettano a pochi passi dal vostro appartamento di lusso. Camminate attraverso le montagne svizzere e date un&#8217;occhiata alle piste di sci, che in inverno, con il loro abbondante manto nevoso, invitano a fare stupende sciate.<\/p>\n<\/div><\/section>\n<div  class='hr av-av_hr-0ff602b3e980a3377077ff3c1c834df6 hr-default  avia-builder-el-11  el_after_av_textblock  el_before_av_heading '><span class='hr-inner '><span class=\"hr-inner-style\"><\/span><\/span><\/div>\n\n<style type=\"text\/css\" data-created_by=\"avia_inline_auto\" id=\"style-css-av-av_heading-df828e110154515b589947e44e535e7a\">\n#top .av-special-heading.av-av_heading-df828e110154515b589947e44e535e7a{\npadding-bottom:10px;\nfont-size:25px;\n}\nbody .av-special-heading.av-av_heading-df828e110154515b589947e44e535e7a .av-special-heading-tag .heading-char{\nfont-size:25px;\n}\n#top #wrap_all .av-special-heading.av-av_heading-df828e110154515b589947e44e535e7a .av-special-heading-tag{\nfont-size:25px;\n}\n.av-special-heading.av-av_heading-df828e110154515b589947e44e535e7a .av-subheading{\nfont-size:15px;\n}\n\n@media only screen and (min-width: 480px) and (max-width: 767px){ \n#top #wrap_all .av-special-heading.av-av_heading-df828e110154515b589947e44e535e7a .av-special-heading-tag{\nfont-size:0.8em;\n}\n}\n\n@media only screen and (max-width: 479px){ \n#top #wrap_all .av-special-heading.av-av_heading-df828e110154515b589947e44e535e7a .av-special-heading-tag{\nfont-size:0.8em;\n}\n}\n<\/style>\n<div  class='av-special-heading av-av_heading-df828e110154515b589947e44e535e7a av-special-heading-h2 blockquote modern-quote  avia-builder-el-12  el_after_av_hr  el_before_av_textblock  av-inherit-size'><h2 class='av-special-heading-tag'  itemprop=\"headline\"  >SERVIZI DI INTERMEDIAZIONE COMPLETI DA UN\u2019UNICA FONTE<\/h2><div class=\"special-heading-border\"><div class=\"special-heading-inner-border\"><\/div><\/div><\/div>\n<section  class='av_textblock_section av-av_textblock-2de302bf1aa3cf4c9157dbe6f50ac7eb '   itemscope=\"itemscope\" itemtype=\"https:\/\/schema.org\/CreativeWork\" ><div class='avia_textblock'  itemprop=\"text\" ><p>Oltre alla ricerca e all&#8217;acquisizione delle trattative contrattuali, garantiamo il buon funzionamento dell&#8217;operazione in tutte le fasi dell&#8217;acquisto del vostro nuovo spazio abitativo. Dopo l&#8217;appuntamento notarile, siete invitati a contattarci per chiedere gli indirizzi di giardinieri o artigiani che realizzino la propriet\u00e0 dei vostri sogni esattamente secondo i vostri desideri. Con noi, nel mezzo del vostro roseto, vi trovate a pochi passi dalla vostra piscina. Troviamo per voi case residenziali e appartamenti di tutte le dimensioni, con parcheggi sufficienti per la vostra famiglia e i vostri ospiti. Avendo a disposizione una vasta rete di contatti, conosciamo tutti gli immobili residenziali di lusso in Engadina, attualmente in vendita o che lo saranno in futuro. Vi informeremo tempestivamente sull&#8217;opzione d&#8217;acquisto dell\u2019immobile da voi desiderato, in modo che in Engadina possiate realizzare presto il sogno della vostra vita. Siamo lieti di realizzare il vostro sogno di una vita lussuosa e vi sosteniamo con tutte le formalit\u00e0. Sia che veniate dall&#8217;estero o che abitiate gi\u00e0 in Svizzera &#8211; siamo il vostro interlocutore per gli immobili esclusivi in Engadina.<\/p>\n<\/div><\/section><\/div>","protected":false},"excerpt":{"rendered":"","protected":false},"author":5,"featured_media":0,"parent":237,"menu_order":0,"comment_status":"closed","ping_status":"closed","template":"","meta":{"_acf_changed":false,"footnotes":""},"class_list":["post-234","page","type-page","status-publish","hentry"],"acf":[],"yoast_head":"<!-- This site is optimized with the Yoast SEO plugin v27.3 - https:\/\/yoast.com\/product\/yoast-seo-wordpress\/ -->\n<title>Engadin - LifestyleHomes<\/title>\n<meta name=\"robots\" content=\"index, follow, max-snippet:-1, max-image-preview:large, max-video-preview:-1\" \/>\n<link rel=\"canonical\" href=\"https:\/\/lifestylehomes.ch\/it\/acquistare\/engadin\/\" \/>\n<meta property=\"og:locale\" content=\"it_IT\" \/>\n<meta property=\"og:type\" content=\"article\" \/>\n<meta property=\"og:title\" content=\"Engadin - LifestyleHomes\" \/>\n<meta property=\"og:url\" content=\"https:\/\/lifestylehomes.ch\/it\/acquistare\/engadin\/\" \/>\n<meta property=\"og:site_name\" content=\"LifestyleHomes\" \/>\n<meta property=\"article:publisher\" content=\"https:\/\/www.facebook.com\/lifestylehomesstmoritz\/\" \/>\n<meta property=\"article:modified_time\" content=\"2019-08-28T13:19:43+00:00\" \/>\n<meta property=\"og:image\" content=\"https:\/\/lifestylehomes.ch\/wp-content\/uploads\/2018\/11\/LifestyleLogo_web.png\" \/>\n\t<meta property=\"og:image:width\" content=\"400\" \/>\n\t<meta property=\"og:image:height\" content=\"88\" \/>\n\t<meta property=\"og:image:type\" content=\"image\/png\" \/>\n<meta name=\"twitter:card\" content=\"summary_large_image\" \/>\n<meta name=\"twitter:label1\" content=\"Tempo di lettura stimato\" \/>\n\t<meta name=\"twitter:data1\" content=\"6 minuti\" \/>\n<script type=\"application\/ld+json\" class=\"yoast-schema-graph\">{\"@context\":\"https:\\\/\\\/schema.org\",\"@graph\":[{\"@type\":\"WebPage\",\"@id\":\"https:\\\/\\\/lifestylehomes.ch\\\/it\\\/acquistare\\\/engadin\\\/\",\"url\":\"https:\\\/\\\/lifestylehomes.ch\\\/it\\\/acquistare\\\/engadin\\\/\",\"name\":\"Engadin - LifestyleHomes\",\"isPartOf\":{\"@id\":\"https:\\\/\\\/lifestylehomes.ch\\\/#website\"},\"datePublished\":\"2018-03-19T13:32:13+00:00\",\"dateModified\":\"2019-08-28T13:19:43+00:00\",\"breadcrumb\":{\"@id\":\"https:\\\/\\\/lifestylehomes.ch\\\/it\\\/acquistare\\\/engadin\\\/#breadcrumb\"},\"inLanguage\":\"it-IT\",\"potentialAction\":[{\"@type\":\"ReadAction\",\"target\":[\"https:\\\/\\\/lifestylehomes.ch\\\/it\\\/acquistare\\\/engadin\\\/\"]}]},{\"@type\":\"BreadcrumbList\",\"@id\":\"https:\\\/\\\/lifestylehomes.ch\\\/it\\\/acquistare\\\/engadin\\\/#breadcrumb\",\"itemListElement\":[{\"@type\":\"ListItem\",\"position\":1,\"name\":\"Startseite\",\"item\":\"https:\\\/\\\/lifestylehomes.ch\\\/it\\\/\"},{\"@type\":\"ListItem\",\"position\":2,\"name\":\"Acquistare\",\"item\":\"https:\\\/\\\/lifestylehomes.ch\\\/it\\\/acquistare\\\/\"},{\"@type\":\"ListItem\",\"position\":3,\"name\":\"Engadin\"}]},{\"@type\":\"WebSite\",\"@id\":\"https:\\\/\\\/lifestylehomes.ch\\\/#website\",\"url\":\"https:\\\/\\\/lifestylehomes.ch\\\/\",\"name\":\"LifestyleHomes\",\"description\":\"Immobilien in Graub\u00fcnden\",\"publisher\":{\"@id\":\"https:\\\/\\\/lifestylehomes.ch\\\/#organization\"},\"potentialAction\":[{\"@type\":\"SearchAction\",\"target\":{\"@type\":\"EntryPoint\",\"urlTemplate\":\"https:\\\/\\\/lifestylehomes.ch\\\/?s={search_term_string}\"},\"query-input\":{\"@type\":\"PropertyValueSpecification\",\"valueRequired\":true,\"valueName\":\"search_term_string\"}}],\"inLanguage\":\"it-IT\"},{\"@type\":\"Organization\",\"@id\":\"https:\\\/\\\/lifestylehomes.ch\\\/#organization\",\"name\":\"LifestyleHomes Annamarie Piacente AG\",\"url\":\"https:\\\/\\\/lifestylehomes.ch\\\/\",\"logo\":{\"@type\":\"ImageObject\",\"inLanguage\":\"it-IT\",\"@id\":\"https:\\\/\\\/lifestylehomes.ch\\\/#\\\/schema\\\/logo\\\/image\\\/\",\"url\":\"https:\\\/\\\/lifestylehomes.ch\\\/wp-content\\\/uploads\\\/2018\\\/11\\\/LifestyleLogo_web.png\",\"contentUrl\":\"https:\\\/\\\/lifestylehomes.ch\\\/wp-content\\\/uploads\\\/2018\\\/11\\\/LifestyleLogo_web.png\",\"width\":400,\"height\":88,\"caption\":\"LifestyleHomes Annamarie Piacente AG\"},\"image\":{\"@id\":\"https:\\\/\\\/lifestylehomes.ch\\\/#\\\/schema\\\/logo\\\/image\\\/\"},\"sameAs\":[\"https:\\\/\\\/www.facebook.com\\\/lifestylehomesstmoritz\\\/\",\"https:\\\/\\\/instagram.com\\\/lifestylehomespiacente\\\/\",\"https:\\\/\\\/www.youtube.com\\\/channel\\\/UCf--CP2oA5byJJshtClV60g\"]}]}<\/script>\n<!-- \/ Yoast SEO plugin. -->","yoast_head_json":{"title":"Engadin - LifestyleHomes","robots":{"index":"index","follow":"follow","max-snippet":"max-snippet:-1","max-image-preview":"max-image-preview:large","max-video-preview":"max-video-preview:-1"},"canonical":"https:\/\/lifestylehomes.ch\/it\/acquistare\/engadin\/","og_locale":"it_IT","og_type":"article","og_title":"Engadin - LifestyleHomes","og_url":"https:\/\/lifestylehomes.ch\/it\/acquistare\/engadin\/","og_site_name":"LifestyleHomes","article_publisher":"https:\/\/www.facebook.com\/lifestylehomesstmoritz\/","article_modified_time":"2019-08-28T13:19:43+00:00","og_image":[{"width":400,"height":88,"url":"https:\/\/lifestylehomes.ch\/wp-content\/uploads\/2018\/11\/LifestyleLogo_web.png","type":"image\/png"}],"twitter_card":"summary_large_image","twitter_misc":{"Tempo di lettura stimato":"6 minuti"},"schema":{"@context":"https:\/\/schema.org","@graph":[{"@type":"WebPage","@id":"https:\/\/lifestylehomes.ch\/it\/acquistare\/engadin\/","url":"https:\/\/lifestylehomes.ch\/it\/acquistare\/engadin\/","name":"Engadin - LifestyleHomes","isPartOf":{"@id":"https:\/\/lifestylehomes.ch\/#website"},"datePublished":"2018-03-19T13:32:13+00:00","dateModified":"2019-08-28T13:19:43+00:00","breadcrumb":{"@id":"https:\/\/lifestylehomes.ch\/it\/acquistare\/engadin\/#breadcrumb"},"inLanguage":"it-IT","potentialAction":[{"@type":"ReadAction","target":["https:\/\/lifestylehomes.ch\/it\/acquistare\/engadin\/"]}]},{"@type":"BreadcrumbList","@id":"https:\/\/lifestylehomes.ch\/it\/acquistare\/engadin\/#breadcrumb","itemListElement":[{"@type":"ListItem","position":1,"name":"Startseite","item":"https:\/\/lifestylehomes.ch\/it\/"},{"@type":"ListItem","position":2,"name":"Acquistare","item":"https:\/\/lifestylehomes.ch\/it\/acquistare\/"},{"@type":"ListItem","position":3,"name":"Engadin"}]},{"@type":"WebSite","@id":"https:\/\/lifestylehomes.ch\/#website","url":"https:\/\/lifestylehomes.ch\/","name":"LifestyleHomes","description":"Immobilien in Graub\u00fcnden","publisher":{"@id":"https:\/\/lifestylehomes.ch\/#organization"},"potentialAction":[{"@type":"SearchAction","target":{"@type":"EntryPoint","urlTemplate":"https:\/\/lifestylehomes.ch\/?s={search_term_string}"},"query-input":{"@type":"PropertyValueSpecification","valueRequired":true,"valueName":"search_term_string"}}],"inLanguage":"it-IT"},{"@type":"Organization","@id":"https:\/\/lifestylehomes.ch\/#organization","name":"LifestyleHomes Annamarie Piacente AG","url":"https:\/\/lifestylehomes.ch\/","logo":{"@type":"ImageObject","inLanguage":"it-IT","@id":"https:\/\/lifestylehomes.ch\/#\/schema\/logo\/image\/","url":"https:\/\/lifestylehomes.ch\/wp-content\/uploads\/2018\/11\/LifestyleLogo_web.png","contentUrl":"https:\/\/lifestylehomes.ch\/wp-content\/uploads\/2018\/11\/LifestyleLogo_web.png","width":400,"height":88,"caption":"LifestyleHomes Annamarie Piacente AG"},"image":{"@id":"https:\/\/lifestylehomes.ch\/#\/schema\/logo\/image\/"},"sameAs":["https:\/\/www.facebook.com\/lifestylehomesstmoritz\/","https:\/\/instagram.com\/lifestylehomespiacente\/","https:\/\/www.youtube.com\/channel\/UCf--CP2oA5byJJshtClV60g"]}]}},"_links":{"self":[{"href":"https:\/\/lifestylehomes.ch\/it\/wp-json\/wp\/v2\/pages\/234","targetHints":{"allow":["GET"]}}],"collection":[{"href":"https:\/\/lifestylehomes.ch\/it\/wp-json\/wp\/v2\/pages"}],"about":[{"href":"https:\/\/lifestylehomes.ch\/it\/wp-json\/wp\/v2\/types\/page"}],"author":[{"embeddable":true,"href":"https:\/\/lifestylehomes.ch\/it\/wp-json\/wp\/v2\/users\/5"}],"replies":[{"embeddable":true,"href":"https:\/\/lifestylehomes.ch\/it\/wp-json\/wp\/v2\/comments?post=234"}],"version-history":[{"count":28,"href":"https:\/\/lifestylehomes.ch\/it\/wp-json\/wp\/v2\/pages\/234\/revisions"}],"predecessor-version":[{"id":2059,"href":"https:\/\/lifestylehomes.ch\/it\/wp-json\/wp\/v2\/pages\/234\/revisions\/2059"}],"up":[{"embeddable":true,"href":"https:\/\/lifestylehomes.ch\/it\/wp-json\/wp\/v2\/pages\/237"}],"wp:attachment":[{"href":"https:\/\/lifestylehomes.ch\/it\/wp-json\/wp\/v2\/media?parent=234"}],"curies":[{"name":"wp","href":"https:\/\/api.w.org\/{rel}","templated":true}]}}