{"id":1766,"date":"2019-04-29T14:51:22","date_gmt":"2019-04-29T12:51:22","guid":{"rendered":"https:\/\/232.wp.myonoffice.com\/?page_id=1766"},"modified":"2019-08-28T15:22:26","modified_gmt":"2019-08-28T13:22:26","slug":"st-moritz","status":"publish","type":"page","link":"https:\/\/lifestylehomes.ch\/it\/affittare\/st-moritz\/","title":{"rendered":"St. Moritz"},"content":{"rendered":"\n<style type=\"text\/css\" data-created_by=\"avia_inline_auto\" id=\"style-css-av-av_section-5faf4f1c5cab67bb124c5a81343e7e46\">\n.avia-section.av-av_section-5faf4f1c5cab67bb124c5a81343e7e46{\nbackground-repeat:no-repeat;\nbackground-image:url(https:\/\/lifestylehomes.ch\/wp-content\/uploads\/2018\/09\/background-300x170.png);\nbackground-position:50% 0%;\nbackground-attachment:fixed;\n}\n<\/style>\n<div id='av_section_1'  class='avia-section av-av_section-5faf4f1c5cab67bb124c5a81343e7e46 main_color avia-section-default avia-no-border-styling  avia-builder-el-0  avia-builder-el-no-sibling  avia-full-stretch avia-bg-style-fixed container_wrap fullsize'  data-section-bg-repeat='stretch'><div class='container av-section-cont-open' ><main  role=\"main\" itemprop=\"mainContentOfPage\"  class='template-page content  av-content-full alpha units'><div class='post-entry post-entry-type-page post-entry-1766'><div class='entry-content-wrapper clearfix'>\r\n\r\n\n<style type=\"text\/css\" data-created_by=\"avia_inline_auto\" id=\"style-css-av-av_hr-d50449065512dfb87382cb0128eaa335\">\n#top .hr.hr-invisible.av-av_hr-d50449065512dfb87382cb0128eaa335{\nheight:100px;\n}\n<\/style>\n<div  class='hr av-av_hr-d50449065512dfb87382cb0128eaa335 hr-invisible  avia-builder-el-1  el_before_av_one_full  avia-builder-el-first '><span class='hr-inner '><span class=\"hr-inner-style\"><\/span><\/span><\/div>\r\n\r\n\n<style type=\"text\/css\" data-created_by=\"avia_inline_auto\" id=\"style-css-av-av_one_full-67097052c4a07e2547ed841103dc515b\">\n.flex_column.av-av_one_full-67097052c4a07e2547ed841103dc515b{\nborder-radius:0px 0px 0px 0px;\npadding:30px 30px 30px 30px;\n}\n<\/style>\n<div  class='flex_column av-av_one_full-67097052c4a07e2547ed841103dc515b av_one_full  avia-builder-el-2  el_after_av_hr  avia-builder-el-last  first flex_column_div avia-full-stretch  '     ><style type=\"text\/css\" data-created_by=\"avia_inline_auto\" id=\"style-css-av-av_heading-58fa4b637aea3eb8c868820e67d37394\">\n#top .av-special-heading.av-av_heading-58fa4b637aea3eb8c868820e67d37394{\npadding-bottom:0;\n}\nbody .av-special-heading.av-av_heading-58fa4b637aea3eb8c868820e67d37394 .av-special-heading-tag .heading-char{\nfont-size:25px;\n}\n.av-special-heading.av-av_heading-58fa4b637aea3eb8c868820e67d37394 .av-subheading{\nfont-size:15px;\n}\n\n@media only screen and (min-width: 768px) and (max-width: 989px){ \n#top #wrap_all .av-special-heading.av-av_heading-58fa4b637aea3eb8c868820e67d37394 .av-special-heading-tag{\nfont-size:18px;\n}\n}\n\n@media only screen and (min-width: 480px) and (max-width: 767px){ \n#top #wrap_all .av-special-heading.av-av_heading-58fa4b637aea3eb8c868820e67d37394 .av-special-heading-tag{\nfont-size:18px;\n}\n}\n\n@media only screen and (max-width: 479px){ \n#top #wrap_all .av-special-heading.av-av_heading-58fa4b637aea3eb8c868820e67d37394 .av-special-heading-tag{\nfont-size:18px;\n}\n}\n<\/style>\n<div  class='av-special-heading av-av_heading-58fa4b637aea3eb8c868820e67d37394 av-special-heading-h1 blockquote modern-quote  avia-builder-el-3  el_before_av_textblock  avia-builder-el-first '><h1 class='av-special-heading-tag'  itemprop=\"headline\"  >IMMOBILI ESCLUSIVI A ST. MORITZ<\/h1><div class=\"special-heading-border\"><div class=\"special-heading-inner-border\"><\/div><\/div><\/div>\n<section  class='av_textblock_section av-av_textblock-2de302bf1aa3cf4c9157dbe6f50ac7eb '   itemscope=\"itemscope\" itemtype=\"https:\/\/schema.org\/CreativeWork\" ><div class='avia_textblock'  itemprop=\"text\" ><div class=\"searchform-immobilien\">\n<section class=\"advance-search text-center\">\n<form method=\"get\" action=\"\/it\/acquistare\" class=\"form-inline\">\n<div class=\"col-md-12 searchform\">\n\t\t\t\t<input type=\"hidden\" name=\"oo_formid\" value=\"searchform\"><br \/>\n\t\t\t\t<input type=\"hidden\" name=\"oo_formno\" value=\"2\"><\/p>\n<div class=\"col-md-3\">\n\t\t\t\t\t<input name=\"objektnr_extern\" class=\"form-control\" placeholder=\"Numero della propriet\u00e0\" value=\"\" >\n\t\t\t\t<\/div>\n<div class=\"col-md-3\">\n\t\t\t\t\t<input name=\"ort\" class=\"form-control\"  placeholder=\"Citt\u00e0\" value=\"\" >\n\t\t\t\t<\/div>\n<div class=\"col-md-3 form\">\n<p>\t\t\t\t\t<select class=\"selectpicker\" name=\"preis_bis\" class=\"form-control\" id=\"kaufen\"><option value=\"\">Prezzo di acquisto (da - a)<\/option><option value=\"100000\" >0 - 100.000 CHF<\/option><option value=\"250000\" >100.000 - 250.000 CHF<\/option><option value=\"500000\" >250.000 - 500.000 CHF<\/option><option value=\"750000\" >500.000 - 750.000 CHF<\/option><option value=\"1000000\" >750.000 - 1.000.000 CHF<\/option><option value=\"5000000\" >1.000.000 - 5.000.000 CHF<\/option><option value=\"10000000\" >5.000.000 - 10.000.000 CHF<\/option><option value=\"50000000\" >10.000.000 - 50.000.000 CHF<\/option><option value=\"10000000\" >50.000.000 - 100.000.000 CHF<\/option><option value=\"1000001\" > da100.000.000 CHF<\/option><\/select>\n\t\t\t\t\t<\/div>\n<div class=\"col-md-3 form\">\n<div class=\"form-group\">\n\t\t\t\t\t\t\t<button class=\"button\" type=\"submit\">Cerca<\/button>\n\t\t\t\t\t\t<\/div>\n<\/p>\n<\/div>\n<\/div>\n<\/form>\n<\/section>\n<\/div>\n<\/div><\/section>\n<section  class='av_textblock_section av-av_textblock-d6f9580a14a12f3e6487be244d7d664b '   itemscope=\"itemscope\" itemtype=\"https:\/\/schema.org\/CreativeWork\" ><div class='avia_textblock'  itemprop=\"text\" ><div class=\"detail\">\n<div class=\"noobject container\">\n<div class=\"row\">\n<div class=\"col-xs-12\">La tua query di ricerca non ha trovato alcuna propriet\u00e0. <\/div>\n<\/p>\n<\/div>\n<\/div>\n<div class=\"container countimmo\">  0 Offerte trovate<\/div>\n<\/div>\n<\/div>\n<\/div><\/section>\n<section  class='av_textblock_section av-av_textblock-2de302bf1aa3cf4c9157dbe6f50ac7eb '   itemscope=\"itemscope\" itemtype=\"https:\/\/schema.org\/CreativeWork\" ><div class='avia_textblock'  itemprop=\"text\" ><p>St. Moritz gode di grande popolarit\u00e0 come domicilio esclusivo di vacanza. Che si tratti di sportivi invernali, di sportivi estremi o di alta societ\u00e0 \u2013 il luogo di cura ha un pubblico molto diversificato, che \u00e8 unito da una cosa: l&#8217;amore per una vacanza straordinaria e indimenticabile. Il mix cosmopolita di natura, sport e cultura convince sia gli ospiti internazionali provenienti da tutto il mondo che gli svizzeri. Con la vostra propriet\u00e0 a St. Moritz potrete godervi la vacanza in ogni stagione.<\/p>\n<\/div><\/section>\n<div  class='hr av-av_hr-0ff602b3e980a3377077ff3c1c834df6 hr-default  avia-builder-el-7  el_after_av_textblock  el_before_av_heading '><span class='hr-inner '><span class=\"hr-inner-style\"><\/span><\/span><\/div>\n\n<style type=\"text\/css\" data-created_by=\"avia_inline_auto\" id=\"style-css-av-av_heading-42db0a406709d7b1e20588c2c14ac926\">\n#top .av-special-heading.av-av_heading-42db0a406709d7b1e20588c2c14ac926{\npadding-bottom:10px;\nfont-size:25px;\n}\nbody .av-special-heading.av-av_heading-42db0a406709d7b1e20588c2c14ac926 .av-special-heading-tag .heading-char{\nfont-size:25px;\n}\n#top #wrap_all .av-special-heading.av-av_heading-42db0a406709d7b1e20588c2c14ac926 .av-special-heading-tag{\nfont-size:25px;\n}\n.av-special-heading.av-av_heading-42db0a406709d7b1e20588c2c14ac926 .av-subheading{\nfont-size:15px;\n}\n\n@media only screen and (min-width: 480px) and (max-width: 767px){ \n#top #wrap_all .av-special-heading.av-av_heading-42db0a406709d7b1e20588c2c14ac926 .av-special-heading-tag{\nfont-size:0.8em;\n}\n}\n\n@media only screen and (max-width: 479px){ \n#top #wrap_all .av-special-heading.av-av_heading-42db0a406709d7b1e20588c2c14ac926 .av-special-heading-tag{\nfont-size:0.8em;\n}\n}\n<\/style>\n<div  class='av-special-heading av-av_heading-42db0a406709d7b1e20588c2c14ac926 av-special-heading-h2 blockquote modern-quote  avia-builder-el-8  el_after_av_hr  el_before_av_textblock  av-inherit-size'><h2 class='av-special-heading-tag'  itemprop=\"headline\"  >ST. MORITZ COME NUOVA CASA O LUOGO DI VILLEGGIATURA<\/h2><div class=\"special-heading-border\"><div class=\"special-heading-inner-border\"><\/div><\/div><\/div>\n<section  class='av_textblock_section av-av_textblock-2de302bf1aa3cf4c9157dbe6f50ac7eb '   itemscope=\"itemscope\" itemtype=\"https:\/\/schema.org\/CreativeWork\" ><div class='avia_textblock'  itemprop=\"text\" ><p>Pi\u00f9 di 5.000 persone hanno finora scoperto questo luogo esclusivo come luogo dove abitare. Inoltre, molte persone hanno una seconda casa a St. Moritz o trascorrono in paese le loro vacanze, in casa propria o in un appartamento proprio. Le possibilit\u00e0 sono ampie. Siete voi a decidere se utilizzare la vostra nuova casa esclusivamente per conto proprio o se lasciarla occasionalmente ad amici o familiari per le vacanze. L&#8217;interesse sar\u00e0 grande in ogni caso.<\/p>\n<\/div><\/section>\n<div  class='hr av-av_hr-0ff602b3e980a3377077ff3c1c834df6 hr-default  avia-builder-el-10  el_after_av_textblock  el_before_av_heading '><span class='hr-inner '><span class=\"hr-inner-style\"><\/span><\/span><\/div>\n\n<style type=\"text\/css\" data-created_by=\"avia_inline_auto\" id=\"style-css-av-av_heading-dbfb47767240c9ea93e6b22e865d8042\">\n#top .av-special-heading.av-av_heading-dbfb47767240c9ea93e6b22e865d8042{\npadding-bottom:10px;\nfont-size:25px;\n}\nbody .av-special-heading.av-av_heading-dbfb47767240c9ea93e6b22e865d8042 .av-special-heading-tag .heading-char{\nfont-size:25px;\n}\n#top #wrap_all .av-special-heading.av-av_heading-dbfb47767240c9ea93e6b22e865d8042 .av-special-heading-tag{\nfont-size:25px;\n}\n.av-special-heading.av-av_heading-dbfb47767240c9ea93e6b22e865d8042 .av-subheading{\nfont-size:15px;\n}\n\n@media only screen and (min-width: 480px) and (max-width: 767px){ \n#top #wrap_all .av-special-heading.av-av_heading-dbfb47767240c9ea93e6b22e865d8042 .av-special-heading-tag{\nfont-size:0.8em;\n}\n}\n\n@media only screen and (max-width: 479px){ \n#top #wrap_all .av-special-heading.av-av_heading-dbfb47767240c9ea93e6b22e865d8042 .av-special-heading-tag{\nfont-size:0.8em;\n}\n}\n<\/style>\n<div  class='av-special-heading av-av_heading-dbfb47767240c9ea93e6b22e865d8042 av-special-heading-h2 blockquote modern-quote  avia-builder-el-11  el_after_av_hr  el_before_av_textblock  av-inherit-size'><h2 class='av-special-heading-tag'  itemprop=\"headline\"  >L\u2019IMMOBILE GIUSTO PER IL VOSTRO BUDGET<\/h2><div class=\"special-heading-border\"><div class=\"special-heading-inner-border\"><\/div><\/div><\/div>\n<section  class='av_textblock_section av-av_textblock-2de302bf1aa3cf4c9157dbe6f50ac7eb '   itemscope=\"itemscope\" itemtype=\"https:\/\/schema.org\/CreativeWork\" ><div class='avia_textblock'  itemprop=\"text\" ><p>A St. Moritz offriamo immobili in varie categorie di prezzo. Potete ad esempio abitare nel centro di St. Moritz e godere di essere &#8220;proprio nel bel mezzo di tutto&#8221;. Oppure che ne dite di un appartamento esclusivo sopra i tetti di St. Moritz, da dove si ha una vista libera sulle montagne e sulle valli? Il paesaggio alpino \u00e8 affascinante tutto l&#8217;anno.<\/p>\n<\/div><\/section>\n<div  class='hr av-av_hr-0ff602b3e980a3377077ff3c1c834df6 hr-default  avia-builder-el-13  el_after_av_textblock  el_before_av_heading '><span class='hr-inner '><span class=\"hr-inner-style\"><\/span><\/span><\/div>\n\n<style type=\"text\/css\" data-created_by=\"avia_inline_auto\" id=\"style-css-av-av_heading-bb26a20eef574d8da775924cc4e447ca\">\n#top .av-special-heading.av-av_heading-bb26a20eef574d8da775924cc4e447ca{\npadding-bottom:10px;\nfont-size:25px;\n}\nbody .av-special-heading.av-av_heading-bb26a20eef574d8da775924cc4e447ca .av-special-heading-tag .heading-char{\nfont-size:25px;\n}\n#top #wrap_all .av-special-heading.av-av_heading-bb26a20eef574d8da775924cc4e447ca .av-special-heading-tag{\nfont-size:25px;\n}\n.av-special-heading.av-av_heading-bb26a20eef574d8da775924cc4e447ca .av-subheading{\nfont-size:15px;\n}\n\n@media only screen and (min-width: 480px) and (max-width: 767px){ \n#top #wrap_all .av-special-heading.av-av_heading-bb26a20eef574d8da775924cc4e447ca .av-special-heading-tag{\nfont-size:0.8em;\n}\n}\n\n@media only screen and (max-width: 479px){ \n#top #wrap_all .av-special-heading.av-av_heading-bb26a20eef574d8da775924cc4e447ca .av-special-heading-tag{\nfont-size:0.8em;\n}\n}\n<\/style>\n<div  class='av-special-heading av-av_heading-bb26a20eef574d8da775924cc4e447ca av-special-heading-h2 blockquote modern-quote  avia-builder-el-14  el_after_av_hr  el_before_av_textblock  av-inherit-size'><h2 class='av-special-heading-tag'  itemprop=\"headline\"  >LA PROCEDURA: COS\u00cc ARRIVATE AL VOSTRO DIMICILIO A ST. MORITZ<\/h2><div class=\"special-heading-border\"><div class=\"special-heading-inner-border\"><\/div><\/div><\/div>\n<section  class='av_textblock_section av-av_textblock-2de302bf1aa3cf4c9157dbe6f50ac7eb '   itemscope=\"itemscope\" itemtype=\"https:\/\/schema.org\/CreativeWork\" ><div class='avia_textblock'  itemprop=\"text\" ><p>Sul nostro sito web troverete una selezione di propriet\u00e0 adatte. Prendetevi il tempo di dare un&#8217;occhiata e contattateci se avete domande sugli immobili. Poich\u00e9 si tratta di un&#8217;offerta dinamica e riceviamo nuove offerte in vendita quasi ogni giorno, non esitate a contattarci se l&#8217;immobile adatto non \u00e8 nella lista. Avete gi\u00e0 idee concrete sulla propriet\u00e0 dei vostri sogni? In questo caso siamo a vostra disposizione per un colloquio individuale e redigiamo insieme a voi un profilo di requisiti per l&#8217;immobile.<\/p>\n<\/div><\/section>\n<div  class='hr av-av_hr-0ff602b3e980a3377077ff3c1c834df6 hr-default  avia-builder-el-16  el_after_av_textblock  el_before_av_heading '><span class='hr-inner '><span class=\"hr-inner-style\"><\/span><\/span><\/div>\n\n<style type=\"text\/css\" data-created_by=\"avia_inline_auto\" id=\"style-css-av-av_heading-78339e5e5e5853be277ba352790f385f\">\n#top .av-special-heading.av-av_heading-78339e5e5e5853be277ba352790f385f{\npadding-bottom:10px;\nfont-size:25px;\n}\nbody .av-special-heading.av-av_heading-78339e5e5e5853be277ba352790f385f .av-special-heading-tag .heading-char{\nfont-size:25px;\n}\n#top #wrap_all .av-special-heading.av-av_heading-78339e5e5e5853be277ba352790f385f .av-special-heading-tag{\nfont-size:25px;\n}\n.av-special-heading.av-av_heading-78339e5e5e5853be277ba352790f385f .av-subheading{\nfont-size:15px;\n}\n\n@media only screen and (min-width: 480px) and (max-width: 767px){ \n#top #wrap_all .av-special-heading.av-av_heading-78339e5e5e5853be277ba352790f385f .av-special-heading-tag{\nfont-size:0.8em;\n}\n}\n\n@media only screen and (max-width: 479px){ \n#top #wrap_all .av-special-heading.av-av_heading-78339e5e5e5853be277ba352790f385f .av-special-heading-tag{\nfont-size:0.8em;\n}\n}\n<\/style>\n<div  class='av-special-heading av-av_heading-78339e5e5e5853be277ba352790f385f av-special-heading-h2 blockquote modern-quote  avia-builder-el-17  el_after_av_hr  el_before_av_textblock  av-inherit-size'><h2 class='av-special-heading-tag'  itemprop=\"headline\"  >LA VISITA DELL\u2019IMMOBILE DEI VOSTRI SOGNI<\/h2><div class=\"special-heading-border\"><div class=\"special-heading-inner-border\"><\/div><\/div><\/div>\n<section  class='av_textblock_section av-av_textblock-2de302bf1aa3cf4c9157dbe6f50ac7eb '   itemscope=\"itemscope\" itemtype=\"https:\/\/schema.org\/CreativeWork\" ><div class='avia_textblock'  itemprop=\"text\" ><p>Se siete interessati ad un oggetto specifico, vi invieremo una relazione dettagliata. Se le foto, le descrizioni e le informazioni di base soddisfano le vostre aspettative, saremo lieti di fissare un appuntamento per una visita. Conoscerete cos\u00ec la propriet\u00e0 e disporrete gi\u00e0 i locali nella vostra mente. Non avete ancora una residenza a St. Moritz o siete spesso in viaggio di lavoro? Naturalmente organizziamo individualmente insieme a voi le date della visita. In questo modo \u00e8 assicurato che abbiate il tempo sufficiente per ispezionare dettagliatamente l&#8217;immobile.<\/p>\n<\/div><\/section>\n<div  class='hr av-av_hr-0ff602b3e980a3377077ff3c1c834df6 hr-default  avia-builder-el-19  el_after_av_textblock  el_before_av_heading '><span class='hr-inner '><span class=\"hr-inner-style\"><\/span><\/span><\/div>\n\n<style type=\"text\/css\" data-created_by=\"avia_inline_auto\" id=\"style-css-av-av_heading-e04902a06e43cd5c9204e390d971d3d8\">\n#top .av-special-heading.av-av_heading-e04902a06e43cd5c9204e390d971d3d8{\npadding-bottom:10px;\nfont-size:25px;\n}\nbody .av-special-heading.av-av_heading-e04902a06e43cd5c9204e390d971d3d8 .av-special-heading-tag .heading-char{\nfont-size:25px;\n}\n#top #wrap_all .av-special-heading.av-av_heading-e04902a06e43cd5c9204e390d971d3d8 .av-special-heading-tag{\nfont-size:25px;\n}\n.av-special-heading.av-av_heading-e04902a06e43cd5c9204e390d971d3d8 .av-subheading{\nfont-size:15px;\n}\n\n@media only screen and (min-width: 480px) and (max-width: 767px){ \n#top #wrap_all .av-special-heading.av-av_heading-e04902a06e43cd5c9204e390d971d3d8 .av-special-heading-tag{\nfont-size:0.8em;\n}\n}\n\n@media only screen and (max-width: 479px){ \n#top #wrap_all .av-special-heading.av-av_heading-e04902a06e43cd5c9204e390d971d3d8 .av-special-heading-tag{\nfont-size:0.8em;\n}\n}\n<\/style>\n<div  class='av-special-heading av-av_heading-e04902a06e43cd5c9204e390d971d3d8 av-special-heading-h2 blockquote modern-quote  avia-builder-el-20  el_after_av_hr  el_before_av_textblock  av-inherit-size'><h2 class='av-special-heading-tag'  itemprop=\"headline\"  >LE POSSIBILIT\u00c0 D\u2019USO DELL\u2019IMMOBILE A ST. MORITZ<\/h2><div class=\"special-heading-border\"><div class=\"special-heading-inner-border\"><\/div><\/div><\/div>\n<section  class='av_textblock_section av-av_textblock-2de302bf1aa3cf4c9157dbe6f50ac7eb '   itemscope=\"itemscope\" itemtype=\"https:\/\/schema.org\/CreativeWork\" ><div class='avia_textblock'  itemprop=\"text\" ><p>Possedendo una vostra propriet\u00e0 a St. Moritz siete liberi e senza restrizioni. Siete flessibili nella pianificazione delle vostre vacanze e non dipendete dalle conferme di prenotazione degli hotel. Decidetevi in modo spontaneo e flessibile per una vacanza &#8211; possedere una propriet\u00e0 propria \u00e8 un grande vantaggio. Inoltre, \u00e8 possibile progettare l&#8217;interno esattamente secondo i vostri desideri. L\u2019immobile diventa la vostra seconda casa, dormite nel vostro letto e arredate l&#8217;appartamento o la casa con oggetti personali.<\/p>\n<\/div><\/section><\/div>","protected":false},"excerpt":{"rendered":"","protected":false},"author":5,"featured_media":0,"parent":1670,"menu_order":0,"comment_status":"closed","ping_status":"closed","template":"","meta":{"_acf_changed":false,"footnotes":""},"class_list":["post-1766","page","type-page","status-publish","hentry"],"acf":[],"yoast_head":"<!-- This site is optimized with the Yoast SEO plugin v27.3 - https:\/\/yoast.com\/product\/yoast-seo-wordpress\/ -->\n<title>St. Moritz - LifestyleHomes<\/title>\n<meta name=\"robots\" content=\"index, follow, max-snippet:-1, max-image-preview:large, max-video-preview:-1\" \/>\n<link rel=\"canonical\" href=\"https:\/\/lifestylehomes.ch\/it\/affittare\/st-moritz\/\" \/>\n<meta property=\"og:locale\" content=\"it_IT\" \/>\n<meta property=\"og:type\" content=\"article\" \/>\n<meta property=\"og:title\" content=\"St. Moritz - LifestyleHomes\" \/>\n<meta property=\"og:url\" content=\"https:\/\/lifestylehomes.ch\/it\/affittare\/st-moritz\/\" \/>\n<meta property=\"og:site_name\" content=\"LifestyleHomes\" \/>\n<meta property=\"article:publisher\" content=\"https:\/\/www.facebook.com\/lifestylehomesstmoritz\/\" \/>\n<meta property=\"article:modified_time\" content=\"2019-08-28T13:22:26+00:00\" \/>\n<meta property=\"og:image\" content=\"https:\/\/lifestylehomes.ch\/wp-content\/uploads\/2018\/11\/LifestyleLogo_web.png\" \/>\n\t<meta property=\"og:image:width\" content=\"400\" \/>\n\t<meta property=\"og:image:height\" content=\"88\" \/>\n\t<meta property=\"og:image:type\" content=\"image\/png\" \/>\n<meta name=\"twitter:card\" content=\"summary_large_image\" \/>\n<meta name=\"twitter:label1\" content=\"Tempo di lettura stimato\" \/>\n\t<meta name=\"twitter:data1\" content=\"7 minuti\" \/>\n<script type=\"application\/ld+json\" class=\"yoast-schema-graph\">{\"@context\":\"https:\\\/\\\/schema.org\",\"@graph\":[{\"@type\":\"WebPage\",\"@id\":\"https:\\\/\\\/lifestylehomes.ch\\\/it\\\/affittare\\\/st-moritz\\\/\",\"url\":\"https:\\\/\\\/lifestylehomes.ch\\\/it\\\/affittare\\\/st-moritz\\\/\",\"name\":\"St. Moritz - LifestyleHomes\",\"isPartOf\":{\"@id\":\"https:\\\/\\\/lifestylehomes.ch\\\/#website\"},\"datePublished\":\"2019-04-29T12:51:22+00:00\",\"dateModified\":\"2019-08-28T13:22:26+00:00\",\"breadcrumb\":{\"@id\":\"https:\\\/\\\/lifestylehomes.ch\\\/it\\\/affittare\\\/st-moritz\\\/#breadcrumb\"},\"inLanguage\":\"it-IT\",\"potentialAction\":[{\"@type\":\"ReadAction\",\"target\":[\"https:\\\/\\\/lifestylehomes.ch\\\/it\\\/affittare\\\/st-moritz\\\/\"]}]},{\"@type\":\"BreadcrumbList\",\"@id\":\"https:\\\/\\\/lifestylehomes.ch\\\/it\\\/affittare\\\/st-moritz\\\/#breadcrumb\",\"itemListElement\":[{\"@type\":\"ListItem\",\"position\":1,\"name\":\"Startseite\",\"item\":\"https:\\\/\\\/lifestylehomes.ch\\\/it\\\/\"},{\"@type\":\"ListItem\",\"position\":2,\"name\":\"Affittare\",\"item\":\"https:\\\/\\\/lifestylehomes.ch\\\/it\\\/affittare\\\/\"},{\"@type\":\"ListItem\",\"position\":3,\"name\":\"St. Moritz\"}]},{\"@type\":\"WebSite\",\"@id\":\"https:\\\/\\\/lifestylehomes.ch\\\/#website\",\"url\":\"https:\\\/\\\/lifestylehomes.ch\\\/\",\"name\":\"LifestyleHomes\",\"description\":\"Immobilien in Graub\u00fcnden\",\"publisher\":{\"@id\":\"https:\\\/\\\/lifestylehomes.ch\\\/#organization\"},\"potentialAction\":[{\"@type\":\"SearchAction\",\"target\":{\"@type\":\"EntryPoint\",\"urlTemplate\":\"https:\\\/\\\/lifestylehomes.ch\\\/?s={search_term_string}\"},\"query-input\":{\"@type\":\"PropertyValueSpecification\",\"valueRequired\":true,\"valueName\":\"search_term_string\"}}],\"inLanguage\":\"it-IT\"},{\"@type\":\"Organization\",\"@id\":\"https:\\\/\\\/lifestylehomes.ch\\\/#organization\",\"name\":\"LifestyleHomes Annamarie Piacente AG\",\"url\":\"https:\\\/\\\/lifestylehomes.ch\\\/\",\"logo\":{\"@type\":\"ImageObject\",\"inLanguage\":\"it-IT\",\"@id\":\"https:\\\/\\\/lifestylehomes.ch\\\/#\\\/schema\\\/logo\\\/image\\\/\",\"url\":\"https:\\\/\\\/lifestylehomes.ch\\\/wp-content\\\/uploads\\\/2018\\\/11\\\/LifestyleLogo_web.png\",\"contentUrl\":\"https:\\\/\\\/lifestylehomes.ch\\\/wp-content\\\/uploads\\\/2018\\\/11\\\/LifestyleLogo_web.png\",\"width\":400,\"height\":88,\"caption\":\"LifestyleHomes Annamarie Piacente AG\"},\"image\":{\"@id\":\"https:\\\/\\\/lifestylehomes.ch\\\/#\\\/schema\\\/logo\\\/image\\\/\"},\"sameAs\":[\"https:\\\/\\\/www.facebook.com\\\/lifestylehomesstmoritz\\\/\",\"https:\\\/\\\/instagram.com\\\/lifestylehomespiacente\\\/\",\"https:\\\/\\\/www.youtube.com\\\/channel\\\/UCf--CP2oA5byJJshtClV60g\"]}]}<\/script>\n<!-- \/ Yoast SEO plugin. -->","yoast_head_json":{"title":"St. Moritz - LifestyleHomes","robots":{"index":"index","follow":"follow","max-snippet":"max-snippet:-1","max-image-preview":"max-image-preview:large","max-video-preview":"max-video-preview:-1"},"canonical":"https:\/\/lifestylehomes.ch\/it\/affittare\/st-moritz\/","og_locale":"it_IT","og_type":"article","og_title":"St. Moritz - LifestyleHomes","og_url":"https:\/\/lifestylehomes.ch\/it\/affittare\/st-moritz\/","og_site_name":"LifestyleHomes","article_publisher":"https:\/\/www.facebook.com\/lifestylehomesstmoritz\/","article_modified_time":"2019-08-28T13:22:26+00:00","og_image":[{"width":400,"height":88,"url":"https:\/\/lifestylehomes.ch\/wp-content\/uploads\/2018\/11\/LifestyleLogo_web.png","type":"image\/png"}],"twitter_card":"summary_large_image","twitter_misc":{"Tempo di lettura stimato":"7 minuti"},"schema":{"@context":"https:\/\/schema.org","@graph":[{"@type":"WebPage","@id":"https:\/\/lifestylehomes.ch\/it\/affittare\/st-moritz\/","url":"https:\/\/lifestylehomes.ch\/it\/affittare\/st-moritz\/","name":"St. Moritz - LifestyleHomes","isPartOf":{"@id":"https:\/\/lifestylehomes.ch\/#website"},"datePublished":"2019-04-29T12:51:22+00:00","dateModified":"2019-08-28T13:22:26+00:00","breadcrumb":{"@id":"https:\/\/lifestylehomes.ch\/it\/affittare\/st-moritz\/#breadcrumb"},"inLanguage":"it-IT","potentialAction":[{"@type":"ReadAction","target":["https:\/\/lifestylehomes.ch\/it\/affittare\/st-moritz\/"]}]},{"@type":"BreadcrumbList","@id":"https:\/\/lifestylehomes.ch\/it\/affittare\/st-moritz\/#breadcrumb","itemListElement":[{"@type":"ListItem","position":1,"name":"Startseite","item":"https:\/\/lifestylehomes.ch\/it\/"},{"@type":"ListItem","position":2,"name":"Affittare","item":"https:\/\/lifestylehomes.ch\/it\/affittare\/"},{"@type":"ListItem","position":3,"name":"St. Moritz"}]},{"@type":"WebSite","@id":"https:\/\/lifestylehomes.ch\/#website","url":"https:\/\/lifestylehomes.ch\/","name":"LifestyleHomes","description":"Immobilien in Graub\u00fcnden","publisher":{"@id":"https:\/\/lifestylehomes.ch\/#organization"},"potentialAction":[{"@type":"SearchAction","target":{"@type":"EntryPoint","urlTemplate":"https:\/\/lifestylehomes.ch\/?s={search_term_string}"},"query-input":{"@type":"PropertyValueSpecification","valueRequired":true,"valueName":"search_term_string"}}],"inLanguage":"it-IT"},{"@type":"Organization","@id":"https:\/\/lifestylehomes.ch\/#organization","name":"LifestyleHomes Annamarie Piacente AG","url":"https:\/\/lifestylehomes.ch\/","logo":{"@type":"ImageObject","inLanguage":"it-IT","@id":"https:\/\/lifestylehomes.ch\/#\/schema\/logo\/image\/","url":"https:\/\/lifestylehomes.ch\/wp-content\/uploads\/2018\/11\/LifestyleLogo_web.png","contentUrl":"https:\/\/lifestylehomes.ch\/wp-content\/uploads\/2018\/11\/LifestyleLogo_web.png","width":400,"height":88,"caption":"LifestyleHomes Annamarie Piacente AG"},"image":{"@id":"https:\/\/lifestylehomes.ch\/#\/schema\/logo\/image\/"},"sameAs":["https:\/\/www.facebook.com\/lifestylehomesstmoritz\/","https:\/\/instagram.com\/lifestylehomespiacente\/","https:\/\/www.youtube.com\/channel\/UCf--CP2oA5byJJshtClV60g"]}]}},"_links":{"self":[{"href":"https:\/\/lifestylehomes.ch\/it\/wp-json\/wp\/v2\/pages\/1766","targetHints":{"allow":["GET"]}}],"collection":[{"href":"https:\/\/lifestylehomes.ch\/it\/wp-json\/wp\/v2\/pages"}],"about":[{"href":"https:\/\/lifestylehomes.ch\/it\/wp-json\/wp\/v2\/types\/page"}],"author":[{"embeddable":true,"href":"https:\/\/lifestylehomes.ch\/it\/wp-json\/wp\/v2\/users\/5"}],"replies":[{"embeddable":true,"href":"https:\/\/lifestylehomes.ch\/it\/wp-json\/wp\/v2\/comments?post=1766"}],"version-history":[{"count":5,"href":"https:\/\/lifestylehomes.ch\/it\/wp-json\/wp\/v2\/pages\/1766\/revisions"}],"predecessor-version":[{"id":2074,"href":"https:\/\/lifestylehomes.ch\/it\/wp-json\/wp\/v2\/pages\/1766\/revisions\/2074"}],"up":[{"embeddable":true,"href":"https:\/\/lifestylehomes.ch\/it\/wp-json\/wp\/v2\/pages\/1670"}],"wp:attachment":[{"href":"https:\/\/lifestylehomes.ch\/it\/wp-json\/wp\/v2\/media?parent=1766"}],"curies":[{"name":"wp","href":"https:\/\/api.w.org\/{rel}","templated":true}]}}